{"id":90,"date":"2013-08-11T19:06:15","date_gmt":"2013-08-11T19:06:15","guid":{"rendered":"http:\/\/localhost:8888\/test\/?page_id=520"},"modified":"2024-04-18T22:47:09","modified_gmt":"2024-04-18T22:47:09","slug":"uber","status":"publish","type":"page","link":"https:\/\/www.siminics.hk\/de\/uber\/","title":{"rendered":"\u00dcber"},"content":{"rendered":"<div class=\"banner has-hover has-parallax\" id=\"banner-1675350814\">\n          <div class=\"banner-inner fill\">\n        <div class=\"banner-bg fill\" data-parallax=\"-3\" data-parallax-container=\".banner\" data-parallax-background>\n                                    <div class=\"overlay\"><\/div>            \n                    <\/div>\n\t\t\n        <div class=\"banner-layers container\">\n            <div class=\"fill banner-link\"><\/div>            \n\n   <div id=\"text-box-1977799266\" class=\"text-box banner-layer x50 md-x50 lg-x50 y80 md-y80 lg-y80 res-text\">\n                                <div class=\"text-box-content text dark\">\n              \n              <div class=\"text-inner text-center\">\n                  \n\n<h1 class=\"lead\">\u00dcber uns<\/h1>\n<p class=\"lead\">Wir bieten die wettbewerbsf\u00e4higsten LiDAR-Produkte f\u00fcr ALLE<\/p>\n\n              <\/div>\n           <\/div>\n                            \n<style>\n#text-box-1977799266 {\n  width: 60%;\n}\n#text-box-1977799266 .text-box-content {\n  font-size: 100%;\n}\n<\/style>\n    <\/div>\n \n\n        <\/div>\n      <\/div>\n\n            \n<style>\n#banner-1675350814 {\n  padding-top: 507px;\n}\n#banner-1675350814 .overlay {\n  background-color: rgba(0, 0, 0, 0.49);\n}\n<\/style>\n  <\/div>\n\n\n<div class=\"row\"  id=\"row-1357264086\">\n\n\n\t<div id=\"col-932964441\" class=\"col small-12 large-12\"  >\n\t\t\t\t<div class=\"col-inner\"  >\n\t\t\t\n\t\t\t\n\n<h2 data-sourcepos=\"1:1-1:61\">Wer wir sind: Gewidmet in LiDAR Entfernungsmesser<\/h2>\n<p data-sourcepos=\"5:1-5:254\">Bei Siminics widmen wir uns der Forschung und Entwicklung von Laserradartechnologie und -produkten. Wir haben eine Reihe von TOF (Time-of-Flight)-Laserradarprodukten auf den Markt gebracht, die eine breite Palette von Kunden in der Branche der k\u00fcnstlichen Intelligenz ansprechen.<\/p>\n<p data-sourcepos=\"7:1-7:287\">Wir unterst\u00fctzen unsere Kunden dabei, ein ideales Gleichgewicht zwischen hochwertigen Produkten, ma\u00dfgeschneiderter Systemintegration und effektivem Kostenmanagement zu finden. Dar\u00fcber hinaus bieten wir einen professionellen und aufrichtigen Service, um sicherzustellen, dass die Wettbewerbsf\u00e4higkeit unserer Kunden auf vorhersehbare Weise kontinuierlich verbessert wird.<\/p>\n<p data-sourcepos=\"9:1-9:224\">Wir sind der technologischen Innovation verpflichtet und stellen den Erfolg unserer Kunden in den Vordergrund. Mit unserem Fachwissen und unserem wachsenden Produktportfolio freuen wir uns darauf, auch in Zukunft mit unseren Kunden zusammenzuarbeiten und gemeinsam Fortschritte zu erzielen.<\/p>\n\n\t\t<\/div>\n\t\t\t\t\t<\/div>\n\n\t\n\n<\/div>","protected":false},"excerpt":{"rendered":"","protected":false},"author":1,"featured_media":0,"parent":0,"menu_order":0,"comment_status":"closed","ping_status":"closed","template":"page-transparent-header-light.php","meta":{"footnotes":""},"class_list":["post-90","page","type-page","status-publish","hentry"],"yoast_head":"<!-- This site is optimized with the Yoast SEO Premium plugin v27.1 (Yoast SEO v27.4) - https:\/\/yoast.com\/product\/yoast-seo-premium-wordpress\/ -->\n<title>About - SIMINICS<\/title>\n<meta name=\"robots\" content=\"index, follow, max-snippet:-1, max-image-preview:large, max-video-preview:-1\" \/>\n<link rel=\"canonical\" href=\"https:\/\/www.siminics.hk\/de\/uber\/\" \/>\n<meta property=\"og:locale\" content=\"de_DE\" \/>\n<meta property=\"og:type\" content=\"article\" \/>\n<meta property=\"og:title\" content=\"About\" \/>\n<meta property=\"og:url\" content=\"https:\/\/www.siminics.hk\/de\/uber\/\" \/>\n<meta property=\"og:site_name\" content=\"SIMINICS\" \/>\n<meta property=\"article:publisher\" content=\"https:\/\/facebook.com\/siminics\" \/>\n<meta property=\"article:modified_time\" content=\"2024-04-18T22:47:09+00:00\" \/>\n<meta name=\"twitter:card\" content=\"summary_large_image\" \/>\n<meta name=\"twitter:site\" content=\"@siminics_shop\" \/>\n<meta name=\"twitter:label1\" content=\"Gesch\u00e4tzte Lesezeit\" \/>\n\t<meta name=\"twitter:data1\" content=\"1\u00a0Minute\" \/>\n<script type=\"application\/ld+json\" class=\"yoast-schema-graph\">{\"@context\":\"https:\\\/\\\/schema.org\",\"@graph\":[{\"@type\":\"WebPage\",\"@id\":\"https:\\\/\\\/www.siminics.hk\\\/about\\\/\",\"url\":\"https:\\\/\\\/www.siminics.hk\\\/about\\\/\",\"name\":\"About - SIMINICS\",\"isPartOf\":{\"@id\":\"https:\\\/\\\/www.siminics.hk\\\/#website\"},\"datePublished\":\"2013-08-11T19:06:15+00:00\",\"dateModified\":\"2024-04-18T22:47:09+00:00\",\"breadcrumb\":{\"@id\":\"https:\\\/\\\/www.siminics.hk\\\/about\\\/#breadcrumb\"},\"inLanguage\":\"de\",\"potentialAction\":[{\"@type\":\"ReadAction\",\"target\":[\"https:\\\/\\\/www.siminics.hk\\\/about\\\/\"]}]},{\"@type\":\"BreadcrumbList\",\"@id\":\"https:\\\/\\\/www.siminics.hk\\\/about\\\/#breadcrumb\",\"itemListElement\":[{\"@type\":\"ListItem\",\"position\":1,\"name\":\"Home\",\"item\":\"https:\\\/\\\/www.siminics.hk\\\/\"},{\"@type\":\"ListItem\",\"position\":2,\"name\":\"About\"}]},{\"@type\":\"WebSite\",\"@id\":\"https:\\\/\\\/www.siminics.hk\\\/#website\",\"url\":\"https:\\\/\\\/www.siminics.hk\\\/\",\"name\":\"SIMINICS\",\"description\":\"TOF LiDAR Leader\",\"publisher\":{\"@id\":\"https:\\\/\\\/www.siminics.hk\\\/#organization\"},\"potentialAction\":[{\"@type\":\"SearchAction\",\"target\":{\"@type\":\"EntryPoint\",\"urlTemplate\":\"https:\\\/\\\/www.siminics.hk\\\/?s={search_term_string}\"},\"query-input\":{\"@type\":\"PropertyValueSpecification\",\"valueRequired\":true,\"valueName\":\"search_term_string\"}}],\"inLanguage\":\"de\"},{\"@type\":\"Organization\",\"@id\":\"https:\\\/\\\/www.siminics.hk\\\/#organization\",\"name\":\"Siminics Limited\",\"url\":\"https:\\\/\\\/www.siminics.hk\\\/\",\"logo\":{\"@type\":\"ImageObject\",\"inLanguage\":\"de\",\"@id\":\"https:\\\/\\\/www.siminics.hk\\\/#\\\/schema\\\/logo\\\/image\\\/\",\"url\":\"https:\\\/\\\/www.siminics.hk\\\/wp-content\\\/uploads\\\/2024\\\/04\\\/cropped-favicon-1.png\",\"contentUrl\":\"https:\\\/\\\/www.siminics.hk\\\/wp-content\\\/uploads\\\/2024\\\/04\\\/cropped-favicon-1.png\",\"width\":512,\"height\":512,\"caption\":\"Siminics Limited\"},\"image\":{\"@id\":\"https:\\\/\\\/www.siminics.hk\\\/#\\\/schema\\\/logo\\\/image\\\/\"},\"sameAs\":[\"https:\\\/\\\/facebook.com\\\/siminics\",\"https:\\\/\\\/x.com\\\/siminics_shop\",\"https:\\\/\\\/linkedin.com\\\/company\\\/siminics\",\"https:\\\/\\\/youtube.com\\\/@siminics\",\"https:\\\/\\\/tiktok.com\\\/@siminics\"],\"hasMerchantReturnPolicy\":{\"@type\":\"MerchantReturnPolicy\",\"merchantReturnLink\":\"https:\\\/\\\/www.siminics.hk\\\/de\\\/ruckerstattung_ruckgaben\\\/\"}}]}<\/script>\n<!-- \/ Yoast SEO Premium plugin. -->","yoast_head_json":{"title":"\u00dcber - SIMINICS","robots":{"index":"index","follow":"follow","max-snippet":"max-snippet:-1","max-image-preview":"max-image-preview:large","max-video-preview":"max-video-preview:-1"},"canonical":"https:\/\/www.siminics.hk\/de\/uber\/","og_locale":"de_DE","og_type":"article","og_title":"About","og_url":"https:\/\/www.siminics.hk\/de\/uber\/","og_site_name":"SIMINICS","article_publisher":"https:\/\/facebook.com\/siminics","article_modified_time":"2024-04-18T22:47:09+00:00","twitter_card":"summary_large_image","twitter_site":"@siminics_shop","twitter_misc":{"Gesch\u00e4tzte Lesezeit":"1\u00a0Minute"},"schema":{"@context":"https:\/\/schema.org","@graph":[{"@type":"WebPage","@id":"https:\/\/www.siminics.hk\/about\/","url":"https:\/\/www.siminics.hk\/about\/","name":"\u00dcber - SIMINICS","isPartOf":{"@id":"https:\/\/www.siminics.hk\/#website"},"datePublished":"2013-08-11T19:06:15+00:00","dateModified":"2024-04-18T22:47:09+00:00","breadcrumb":{"@id":"https:\/\/www.siminics.hk\/about\/#breadcrumb"},"inLanguage":"de","potentialAction":[{"@type":"ReadAction","target":["https:\/\/www.siminics.hk\/about\/"]}]},{"@type":"BreadcrumbList","@id":"https:\/\/www.siminics.hk\/about\/#breadcrumb","itemListElement":[{"@type":"ListItem","position":1,"name":"Home","item":"https:\/\/www.siminics.hk\/"},{"@type":"ListItem","position":2,"name":"About"}]},{"@type":"WebSite","@id":"https:\/\/www.siminics.hk\/#website","url":"https:\/\/www.siminics.hk\/","name":"SIMINICS","description":"TOF-LiDAR-Leiter","publisher":{"@id":"https:\/\/www.siminics.hk\/#organization"},"potentialAction":[{"@type":"SearchAction","target":{"@type":"EntryPoint","urlTemplate":"https:\/\/www.siminics.hk\/?s={search_term_string}"},"query-input":{"@type":"PropertyValueSpecification","valueRequired":true,"valueName":"search_term_string"}}],"inLanguage":"de"},{"@type":"Organization","@id":"https:\/\/www.siminics.hk\/#organization","name":"Siminics Limited","url":"https:\/\/www.siminics.hk\/","logo":{"@type":"ImageObject","inLanguage":"de","@id":"https:\/\/www.siminics.hk\/#\/schema\/logo\/image\/","url":"https:\/\/www.siminics.hk\/wp-content\/uploads\/2024\/04\/cropped-favicon-1.png","contentUrl":"https:\/\/www.siminics.hk\/wp-content\/uploads\/2024\/04\/cropped-favicon-1.png","width":512,"height":512,"caption":"Siminics Limited"},"image":{"@id":"https:\/\/www.siminics.hk\/#\/schema\/logo\/image\/"},"sameAs":["https:\/\/facebook.com\/siminics","https:\/\/x.com\/siminics_shop","https:\/\/linkedin.com\/company\/siminics","https:\/\/youtube.com\/@siminics","https:\/\/tiktok.com\/@siminics"],"hasMerchantReturnPolicy":{"@type":"MerchantReturnPolicy","merchantReturnLink":"https:\/\/www.siminics.hk\/de\/ruckerstattung_ruckgaben\/"}}]}},"_links":{"self":[{"href":"https:\/\/www.siminics.hk\/de\/wp-json\/wp\/v2\/pages\/90","targetHints":{"allow":["GET"]}}],"collection":[{"href":"https:\/\/www.siminics.hk\/de\/wp-json\/wp\/v2\/pages"}],"about":[{"href":"https:\/\/www.siminics.hk\/de\/wp-json\/wp\/v2\/types\/page"}],"author":[{"embeddable":true,"href":"https:\/\/www.siminics.hk\/de\/wp-json\/wp\/v2\/users\/1"}],"replies":[{"embeddable":true,"href":"https:\/\/www.siminics.hk\/de\/wp-json\/wp\/v2\/comments?post=90"}],"version-history":[{"count":4,"href":"https:\/\/www.siminics.hk\/de\/wp-json\/wp\/v2\/pages\/90\/revisions"}],"predecessor-version":[{"id":527,"href":"https:\/\/www.siminics.hk\/de\/wp-json\/wp\/v2\/pages\/90\/revisions\/527"}],"wp:attachment":[{"href":"https:\/\/www.siminics.hk\/de\/wp-json\/wp\/v2\/media?parent=90"}],"curies":[{"name":"wp","href":"https:\/\/api.w.org\/{rel}","templated":true}]}}