{"id":659,"date":"2025-10-14T09:20:57","date_gmt":"2025-10-14T09:20:57","guid":{"rendered":"https:\/\/www.siminics.hk\/?post_type=product&#038;p=659"},"modified":"2025-10-14T09:22:25","modified_gmt":"2025-10-14T09:22:25","slug":"siminics-pavo2-100hc-2d-360-100m-328ft-tof-nav-lidar-ip67-pavo2-ls-100hc","status":"publish","type":"product","link":"https:\/\/www.siminics.hk\/de\/produkt\/siminics-pavo2-100hc-2d-360-100m-328ft-tof-nav-lidar-ip67-pavo2-ls-100hc\/","title":{"rendered":"Siminics PAVO2 100HC 2D 360\u00b0 100M\/328FT TOF Nav LiDAR IP67 PAVO2-LS-100HC"},"content":{"rendered":"<p><img decoding=\"async\" class=\"aligncenter size-medium wp-image-654\" src=\"https:\/\/www.siminics.hk\/wp-content\/uploads\/2025\/10\/Siminics-PAVO2-Product-Brochure-1.png\" alt=\"Siminics PAVO2 100M-Serie\" \/><\/p>\n<p><img decoding=\"async\" class=\"aligncenter size-medium wp-image-655\" src=\"https:\/\/www.siminics.hk\/wp-content\/uploads\/2025\/10\/Siminics-PAVO2-Product-Brochure-2-2.png\" alt=\"Siminics PAVO2 100M-Serie\" \/><\/p>\n<p><img decoding=\"async\" class=\"aligncenter size-medium wp-image-656\" src=\"https:\/\/www.siminics.hk\/wp-content\/uploads\/2025\/10\/Siminics-PAVO2-Product-Brochure-3-2.png\" alt=\"Siminics PAVO2 100M-Serie\" \/><\/p>\n<p><img decoding=\"async\" class=\"aligncenter size-medium wp-image-657\" src=\"https:\/\/www.siminics.hk\/wp-content\/uploads\/2025\/10\/Siminics-PAVO2-Product-Brochure-4.png\" alt=\"Siminics PAVO2 100M-Serie\" \/><\/p>\n<p><img decoding=\"async\" class=\"aligncenter size-medium wp-image-653\" src=\"https:\/\/www.siminics.hk\/wp-content\/uploads\/2025\/10\/Siminics-PAVO2-Product-Brochure-5.png\" alt=\"Siminics PAVO2 100M-Serie\" \/><\/p>","protected":false},"excerpt":{"rendered":"<p>Kostenloser Versand bei Bestellungen \u00fcber $1000.<\/p>","protected":false},"featured_media":536,"comment_status":"open","ping_status":"closed","template":"","meta":[],"product_brand":[41],"product_cat":[37],"product_tag":[43,38],"class_list":{"0":"post-659","1":"product","2":"type-product","3":"status-publish","4":"has-post-thumbnail","6":"product_brand-siminics","7":"product_cat-pavo2","8":"product_tag-interactive","9":"product_tag-pavo2","11":"first","12":"instock","13":"sale","14":"shipping-taxable","15":"purchasable","16":"product-type-simple"},"yoast_head":"<!-- This site is optimized with the Yoast SEO Premium plugin v27.1 (Yoast SEO v27.2) - https:\/\/yoast.com\/product\/yoast-seo-premium-wordpress\/ -->\n<title>Siminics PAVO2 100HC 2D 360\u00b0 100M\/328FT TOF Nav LiDAR IP67 PAVO2-LS-100HC - SIMINICS<\/title>\n<meta name=\"description\" content=\"Discover the amazing capabilities of the pavo2 100HC. Elevate your experience with this innovative solution suitable for various needs!\" \/>\n<meta name=\"robots\" content=\"index, follow, max-snippet:-1, max-image-preview:large, max-video-preview:-1\" \/>\n<link rel=\"canonical\" href=\"https:\/\/www.siminics.hk\/de\/produkt\/siminics-pavo2-100hc-2d-360-100m-328ft-tof-nav-lidar-ip67-pavo2-ls-100hc\/\" \/>\n<meta property=\"og:locale\" content=\"de_DE\" \/>\n<meta property=\"og:type\" content=\"article\" \/>\n<meta property=\"og:title\" content=\"Siminics PAVO2 100HC 2D 360\u00b0 100M\/328FT TOF Nav LiDAR IP67 PAVO2-LS-100HC\" \/>\n<meta property=\"og:description\" content=\"Discover the amazing capabilities of the pavo2 100HC. Elevate your experience with this innovative solution suitable for various needs!\" \/>\n<meta property=\"og:url\" content=\"https:\/\/www.siminics.hk\/de\/produkt\/siminics-pavo2-100hc-2d-360-100m-328ft-tof-nav-lidar-ip67-pavo2-ls-100hc\/\" \/>\n<meta property=\"og:site_name\" content=\"SIMINICS\" \/>\n<meta property=\"article:publisher\" content=\"https:\/\/facebook.com\/siminics\" \/>\n<meta property=\"article:modified_time\" content=\"2025-10-14T09:22:25+00:00\" \/>\n<meta property=\"og:image\" content=\"https:\/\/www.siminics.hk\/wp-content\/uploads\/2024\/04\/03-full.jpg\" \/>\n\t<meta property=\"og:image:width\" content=\"700\" \/>\n\t<meta property=\"og:image:height\" content=\"467\" \/>\n\t<meta property=\"og:image:type\" content=\"image\/jpeg\" \/>\n<meta name=\"twitter:card\" content=\"summary_large_image\" \/>\n<meta name=\"twitter:site\" content=\"@siminics_shop\" \/>\n<meta name=\"twitter:label1\" content=\"Preis\" \/>\n\t<meta name=\"twitter:data1\" content=\"&#036;2,599.00\" \/>\n\t<meta name=\"twitter:label2\" content=\"Verf\u00fcgbarkeit\" \/>\n\t<meta name=\"twitter:data2\" content=\"Auf Lager\" \/>\n<script type=\"application\/ld+json\" class=\"yoast-schema-graph\">{\"@context\":\"https:\/\/schema.org\",\"@graph\":[{\"@type\":\"WebPage\",\"@id\":\"https:\/\/www.siminics.hk\/product\/siminics-pavo2-100hc-2d-360-100m-328ft-tof-nav-lidar-ip67-pavo2-ls-100hc\/\",\"url\":\"https:\/\/www.siminics.hk\/product\/siminics-pavo2-100hc-2d-360-100m-328ft-tof-nav-lidar-ip67-pavo2-ls-100hc\/\",\"name\":\"Siminics PAVO2 100HC 2D 360\u00b0 100M\/328FT TOF Nav LiDAR IP67 PAVO2-LS-100HC - SIMINICS\",\"isPartOf\":{\"@id\":\"https:\/\/www.siminics.hk\/#website\"},\"primaryImageOfPage\":{\"@id\":\"https:\/\/www.siminics.hk\/product\/siminics-pavo2-100hc-2d-360-100m-328ft-tof-nav-lidar-ip67-pavo2-ls-100hc\/#primaryimage\"},\"image\":{\"@id\":\"https:\/\/www.siminics.hk\/product\/siminics-pavo2-100hc-2d-360-100m-328ft-tof-nav-lidar-ip67-pavo2-ls-100hc\/#primaryimage\"},\"thumbnailUrl\":\"https:\/\/www.siminics.hk\/wp-content\/uploads\/2024\/04\/03-full.jpg\",\"datePublished\":\"2025-10-14T09:20:57+00:00\",\"dateModified\":\"2025-10-14T09:22:25+00:00\",\"description\":\"Discover the amazing capabilities of the pavo2 100HC. Elevate your experience with this innovative solution suitable for various needs!\",\"breadcrumb\":{\"@id\":\"https:\/\/www.siminics.hk\/product\/siminics-pavo2-100hc-2d-360-100m-328ft-tof-nav-lidar-ip67-pavo2-ls-100hc\/#breadcrumb\"},\"inLanguage\":\"de\",\"potentialAction\":[{\"@type\":\"ReadAction\",\"target\":[\"https:\/\/www.siminics.hk\/product\/siminics-pavo2-100hc-2d-360-100m-328ft-tof-nav-lidar-ip67-pavo2-ls-100hc\/\"]}]},{\"@type\":\"ImageObject\",\"inLanguage\":\"de\",\"@id\":\"https:\/\/www.siminics.hk\/product\/siminics-pavo2-100hc-2d-360-100m-328ft-tof-nav-lidar-ip67-pavo2-ls-100hc\/#primaryimage\",\"url\":\"https:\/\/www.siminics.hk\/wp-content\/uploads\/2024\/04\/03-full.jpg\",\"contentUrl\":\"https:\/\/www.siminics.hk\/wp-content\/uploads\/2024\/04\/03-full.jpg\",\"width\":700,\"height\":467},{\"@type\":\"BreadcrumbList\",\"@id\":\"https:\/\/www.siminics.hk\/product\/siminics-pavo2-100hc-2d-360-100m-328ft-tof-nav-lidar-ip67-pavo2-ls-100hc\/#breadcrumb\",\"itemListElement\":[{\"@type\":\"ListItem\",\"position\":1,\"name\":\"Home\",\"item\":\"https:\/\/www.siminics.hk\/\"},{\"@type\":\"ListItem\",\"position\":2,\"name\":\"Shop\",\"item\":\"https:\/\/www.siminics.hk\/shop\/\"},{\"@type\":\"ListItem\",\"position\":3,\"name\":\"Siminics PAVO2 100HC 2D 360\u00b0 100M\/328FT TOF Nav LiDAR IP67 PAVO2-LS-100HC\"}]},{\"@type\":\"WebSite\",\"@id\":\"https:\/\/www.siminics.hk\/#website\",\"url\":\"https:\/\/www.siminics.hk\/\",\"name\":\"SIMINICS\",\"description\":\"TOF LiDAR Leader\",\"publisher\":{\"@id\":\"https:\/\/www.siminics.hk\/#organization\"},\"potentialAction\":[{\"@type\":\"SearchAction\",\"target\":{\"@type\":\"EntryPoint\",\"urlTemplate\":\"https:\/\/www.siminics.hk\/?s={search_term_string}\"},\"query-input\":{\"@type\":\"PropertyValueSpecification\",\"valueRequired\":true,\"valueName\":\"search_term_string\"}}],\"inLanguage\":\"de\"},{\"@type\":\"Organization\",\"@id\":\"https:\/\/www.siminics.hk\/#organization\",\"name\":\"Siminics Limited\",\"url\":\"https:\/\/www.siminics.hk\/\",\"logo\":{\"@type\":\"ImageObject\",\"inLanguage\":\"de\",\"@id\":\"https:\/\/www.siminics.hk\/#\/schema\/logo\/image\/\",\"url\":\"https:\/\/www.siminics.hk\/wp-content\/uploads\/2024\/04\/cropped-favicon-1.png\",\"contentUrl\":\"https:\/\/www.siminics.hk\/wp-content\/uploads\/2024\/04\/cropped-favicon-1.png\",\"width\":512,\"height\":512,\"caption\":\"Siminics Limited\"},\"image\":{\"@id\":\"https:\/\/www.siminics.hk\/#\/schema\/logo\/image\/\"},\"sameAs\":[\"https:\/\/facebook.com\/siminics\",\"https:\/\/x.com\/siminics_shop\",\"https:\/\/linkedin.com\/company\/siminics\",\"https:\/\/youtube.com\/@siminics\",\"https:\/\/tiktok.com\/@siminics\"],\"hasMerchantReturnPolicy\":{\"@type\":\"MerchantReturnPolicy\",\"merchantReturnLink\":\"https:\/\/www.siminics.hk\/de\/ruckerstattung_ruckgaben\/\"}}]}<\/script>\n<meta property=\"product:brand\" content=\"Siminics\" \/>\n<meta property=\"product:price:amount\" content=\"2599.00\" \/>\n<meta property=\"product:price:currency\" content=\"USD\" \/>\n<meta property=\"og:availability\" content=\"instock\" \/>\n<meta property=\"product:availability\" content=\"instock\" \/>\n<meta property=\"product:retailer_item_id\" content=\"PAVO2-LS-100HC\" \/>\n<meta property=\"product:condition\" content=\"new\" \/>\n<!-- \/ Yoast SEO Premium plugin. -->","yoast_head_json":{"title":"Siminics PAVO2 100HC 2D 360\u00b0 100M\/328FT TOF Nav LiDAR IP67 PAVO2-LS-100HC - SIMINICS","description":"Entdecken Sie die erstaunlichen M\u00f6glichkeiten des pavo2 100HC. Erh\u00f6hen Sie Ihr Erlebnis mit dieser innovativen L\u00f6sung f\u00fcr verschiedene Bed\u00fcrfnisse!","robots":{"index":"index","follow":"follow","max-snippet":"max-snippet:-1","max-image-preview":"max-image-preview:large","max-video-preview":"max-video-preview:-1"},"canonical":"https:\/\/www.siminics.hk\/de\/produkt\/siminics-pavo2-100hc-2d-360-100m-328ft-tof-nav-lidar-ip67-pavo2-ls-100hc\/","og_locale":"de_DE","og_type":"article","og_title":"Siminics PAVO2 100HC 2D 360\u00b0 100M\/328FT TOF Nav LiDAR IP67 PAVO2-LS-100HC","og_description":"Discover the amazing capabilities of the pavo2 100HC. Elevate your experience with this innovative solution suitable for various needs!","og_url":"https:\/\/www.siminics.hk\/de\/produkt\/siminics-pavo2-100hc-2d-360-100m-328ft-tof-nav-lidar-ip67-pavo2-ls-100hc\/","og_site_name":"SIMINICS","article_publisher":"https:\/\/facebook.com\/siminics","article_modified_time":"2025-10-14T09:22:25+00:00","og_image":[{"width":700,"height":467,"url":"https:\/\/www.siminics.hk\/wp-content\/uploads\/2024\/04\/03-full.jpg","type":"image\/jpeg"}],"twitter_card":"summary_large_image","twitter_site":"@siminics_shop","twitter_misc":{"Preis":"&#36;2,599.00","Verf\u00fcgbarkeit":"Auf Lager"},"schema":{"@context":"https:\/\/schema.org","@graph":[{"@type":"WebPage","@id":"https:\/\/www.siminics.hk\/product\/siminics-pavo2-100hc-2d-360-100m-328ft-tof-nav-lidar-ip67-pavo2-ls-100hc\/","url":"https:\/\/www.siminics.hk\/product\/siminics-pavo2-100hc-2d-360-100m-328ft-tof-nav-lidar-ip67-pavo2-ls-100hc\/","name":"Siminics PAVO2 100HC 2D 360\u00b0 100M\/328FT TOF Nav LiDAR IP67 PAVO2-LS-100HC - SIMINICS","isPartOf":{"@id":"https:\/\/www.siminics.hk\/#website"},"primaryImageOfPage":{"@id":"https:\/\/www.siminics.hk\/product\/siminics-pavo2-100hc-2d-360-100m-328ft-tof-nav-lidar-ip67-pavo2-ls-100hc\/#primaryimage"},"image":{"@id":"https:\/\/www.siminics.hk\/product\/siminics-pavo2-100hc-2d-360-100m-328ft-tof-nav-lidar-ip67-pavo2-ls-100hc\/#primaryimage"},"thumbnailUrl":"https:\/\/www.siminics.hk\/wp-content\/uploads\/2024\/04\/03-full.jpg","datePublished":"2025-10-14T09:20:57+00:00","dateModified":"2025-10-14T09:22:25+00:00","description":"Entdecken Sie die erstaunlichen M\u00f6glichkeiten des pavo2 100HC. Erh\u00f6hen Sie Ihr Erlebnis mit dieser innovativen L\u00f6sung f\u00fcr verschiedene Bed\u00fcrfnisse!","breadcrumb":{"@id":"https:\/\/www.siminics.hk\/product\/siminics-pavo2-100hc-2d-360-100m-328ft-tof-nav-lidar-ip67-pavo2-ls-100hc\/#breadcrumb"},"inLanguage":"de","potentialAction":[{"@type":"ReadAction","target":["https:\/\/www.siminics.hk\/product\/siminics-pavo2-100hc-2d-360-100m-328ft-tof-nav-lidar-ip67-pavo2-ls-100hc\/"]}]},{"@type":"ImageObject","inLanguage":"de","@id":"https:\/\/www.siminics.hk\/product\/siminics-pavo2-100hc-2d-360-100m-328ft-tof-nav-lidar-ip67-pavo2-ls-100hc\/#primaryimage","url":"https:\/\/www.siminics.hk\/wp-content\/uploads\/2024\/04\/03-full.jpg","contentUrl":"https:\/\/www.siminics.hk\/wp-content\/uploads\/2024\/04\/03-full.jpg","width":700,"height":467},{"@type":"BreadcrumbList","@id":"https:\/\/www.siminics.hk\/product\/siminics-pavo2-100hc-2d-360-100m-328ft-tof-nav-lidar-ip67-pavo2-ls-100hc\/#breadcrumb","itemListElement":[{"@type":"ListItem","position":1,"name":"Home","item":"https:\/\/www.siminics.hk\/"},{"@type":"ListItem","position":2,"name":"Shop","item":"https:\/\/www.siminics.hk\/shop\/"},{"@type":"ListItem","position":3,"name":"Siminics PAVO2 100HC 2D 360\u00b0 100M\/328FT TOF Nav LiDAR IP67 PAVO2-LS-100HC"}]},{"@type":"WebSite","@id":"https:\/\/www.siminics.hk\/#website","url":"https:\/\/www.siminics.hk\/","name":"SIMINICS","description":"TOF-LiDAR-Leiter","publisher":{"@id":"https:\/\/www.siminics.hk\/#organization"},"potentialAction":[{"@type":"SearchAction","target":{"@type":"EntryPoint","urlTemplate":"https:\/\/www.siminics.hk\/?s={search_term_string}"},"query-input":{"@type":"PropertyValueSpecification","valueRequired":true,"valueName":"search_term_string"}}],"inLanguage":"de"},{"@type":"Organization","@id":"https:\/\/www.siminics.hk\/#organization","name":"Siminics Limited","url":"https:\/\/www.siminics.hk\/","logo":{"@type":"ImageObject","inLanguage":"de","@id":"https:\/\/www.siminics.hk\/#\/schema\/logo\/image\/","url":"https:\/\/www.siminics.hk\/wp-content\/uploads\/2024\/04\/cropped-favicon-1.png","contentUrl":"https:\/\/www.siminics.hk\/wp-content\/uploads\/2024\/04\/cropped-favicon-1.png","width":512,"height":512,"caption":"Siminics Limited"},"image":{"@id":"https:\/\/www.siminics.hk\/#\/schema\/logo\/image\/"},"sameAs":["https:\/\/facebook.com\/siminics","https:\/\/x.com\/siminics_shop","https:\/\/linkedin.com\/company\/siminics","https:\/\/youtube.com\/@siminics","https:\/\/tiktok.com\/@siminics"],"hasMerchantReturnPolicy":{"@type":"MerchantReturnPolicy","merchantReturnLink":"https:\/\/www.siminics.hk\/de\/ruckerstattung_ruckgaben\/"}}]},"product_brand":"Siminics","product_price_amount":"2599.00","product_price_currency":"USD","og_availability":"instock","product_availability":"instock","product_retailer_item_id":"PAVO2-LS-100HC","product_condition":"new"},"_links":{"self":[{"href":"https:\/\/www.siminics.hk\/de\/wp-json\/wp\/v2\/product\/659","targetHints":{"allow":["GET"]}}],"collection":[{"href":"https:\/\/www.siminics.hk\/de\/wp-json\/wp\/v2\/product"}],"about":[{"href":"https:\/\/www.siminics.hk\/de\/wp-json\/wp\/v2\/types\/product"}],"replies":[{"embeddable":true,"href":"https:\/\/www.siminics.hk\/de\/wp-json\/wp\/v2\/comments?post=659"}],"wp:featuredmedia":[{"embeddable":true,"href":"https:\/\/www.siminics.hk\/de\/wp-json\/wp\/v2\/media\/536"}],"wp:attachment":[{"href":"https:\/\/www.siminics.hk\/de\/wp-json\/wp\/v2\/media?parent=659"}],"wp:term":[{"taxonomy":"product_brand","embeddable":true,"href":"https:\/\/www.siminics.hk\/de\/wp-json\/wp\/v2\/product_brand?post=659"},{"taxonomy":"product_cat","embeddable":true,"href":"https:\/\/www.siminics.hk\/de\/wp-json\/wp\/v2\/product_cat?post=659"},{"taxonomy":"product_tag","embeddable":true,"href":"https:\/\/www.siminics.hk\/de\/wp-json\/wp\/v2\/product_tag?post=659"}],"curies":[{"name":"wp","href":"https:\/\/api.w.org\/{rel}","templated":true}]}}