{"id":85,"date":"2013-08-11T20:13:42","date_gmt":"2013-08-11T20:13:42","guid":{"rendered":"http:\/\/localhost:8888\/test\/?page_id=545"},"modified":"2024-04-18T22:41:10","modified_gmt":"2024-04-18T22:41:10","slug":"faq","status":"publish","type":"page","link":"https:\/\/www.siminics.hk\/fr\/faq\/","title":{"rendered":"FAQ"},"content":{"rendered":"<h2 data-sourcepos=\"1:1-1:35\">Foire aux questions (FAQ)<\/h2>\n<p data-sourcepos=\"3:1-3:11\"><strong>G\u00e9n\u00e9ral<\/strong><\/p>\n<ul data-sourcepos=\"5:1-13:0\">\n<li data-sourcepos=\"5:1-7:0\">\n<p data-sourcepos=\"5:3-6:230\"><strong>Qu'est-ce que Siminics ?<\/strong><\/p>\n<\/li>\n<li data-sourcepos=\"5:1-7:0\">\n<p data-sourcepos=\"5:3-6:230\">Siminics est une boutique en ligne sp\u00e9cialis\u00e9e dans la technologie 2D LiDAR (Light Detection and Ranging). Nous proposons une vari\u00e9t\u00e9 de capteurs LiDAR adapt\u00e9s aux applications en robotique, \u00e0 l'interaction LiDAR et au d\u00e9veloppement \u00e0 l'aide de SDK et de logiciels.<\/p>\n<\/li>\n<li data-sourcepos=\"8:1-10:0\">\n<p data-sourcepos=\"8:3-9:157\"><strong>Offrez-vous des services d'exp\u00e9dition internationale ?<\/strong><\/p>\n<\/li>\n<li data-sourcepos=\"8:1-10:0\">\n<p data-sourcepos=\"8:3-9:157\">Oui, nous proposons une livraison internationale pour tous nos produits. Les frais d'exp\u00e9dition seront calcul\u00e9s au moment du paiement.<\/p>\n<\/li>\n<li data-sourcepos=\"11:1-13:0\">\n<p data-sourcepos=\"11:3-12:97\"><strong>Quels sont les modes de paiement accept\u00e9s ?<\/strong><\/p>\n<\/li>\n<li data-sourcepos=\"11:1-13:0\">\n<p data-sourcepos=\"11:3-12:97\">Nous acceptons les principales cartes de cr\u00e9dit et PayPal.<\/p>\n<\/li>\n<\/ul>\n<p data-sourcepos=\"14:1-14:12\"><strong>2D LiDAR<\/strong><\/p>\n<ul data-sourcepos=\"16:1-32:0\">\n<li data-sourcepos=\"16:1-18:0\">\n<p data-sourcepos=\"16:3-17:232\"><strong>Qu'est-ce que le 2D LiDAR ?<\/strong><\/p>\n<\/li>\n<li data-sourcepos=\"16:1-18:0\">\n<p data-sourcepos=\"16:3-17:232\">Les capteurs 2D LiDAR utilisent la lumi\u00e8re laser pour mesurer les distances dans un plan, cr\u00e9ant ainsi un balayage \u00e0 360 degr\u00e9s de leur environnement. Ces donn\u00e9es sont pr\u00e9cieuses pour les robots et autres applications qui doivent naviguer et interagir avec leur environnement.<\/p>\n<\/li>\n<li data-sourcepos=\"19:1-25:0\">\n<p data-sourcepos=\"19:3-20:46\"><strong>Quels sont les avantages de l'utilisation de 2D LiDAR ?<\/strong><\/p>\n<\/li>\n<li data-sourcepos=\"19:1-25:0\">\n<p data-sourcepos=\"19:3-20:46\">Le 2D LiDAR offre plusieurs avantages, notamment<\/p>\n<ul data-sourcepos=\"21:5-25:0\">\n<li data-sourcepos=\"21:5-21:44\">Haute pr\u00e9cision pour la mesure de la distance<\/li>\n<li data-sourcepos=\"22:5-22:33\">Taille compacte et poids r\u00e9duit<\/li>\n<li data-sourcepos=\"23:5-23:27\">Faible consommation d'\u00e9nergie<\/li>\n<li data-sourcepos=\"24:5-25:0\">Acquisition de donn\u00e9es en temps r\u00e9el<\/li>\n<\/ul>\n<\/li>\n<li data-sourcepos=\"26:1-32:0\">\n<p data-sourcepos=\"26:3-27:98\"><strong>Comment choisir le bon LiDAR 2D pour mon projet ?<\/strong><\/p>\n<\/li>\n<li data-sourcepos=\"26:1-32:0\">\n<p data-sourcepos=\"26:3-27:98\">Le LiDAR 2D le mieux adapt\u00e9 \u00e0 votre projet d\u00e9pendra de vos besoins sp\u00e9cifiques. Tenez compte de facteurs tels que<\/p>\n<ul data-sourcepos=\"28:5-32:0\">\n<li data-sourcepos=\"28:5-28:67\"><strong>Plage de balayage :<\/strong>\u00a0Quelle distance le LiDAR doit-il mesurer ?<\/li>\n<li data-sourcepos=\"29:5-29:62\"><strong>Champ de vision :<\/strong>\u00a0Quelle est l'\u00e9tendue de la zone \u00e0 scanner ?<\/li>\n<li data-sourcepos=\"30:5-30:75\"><strong>R\u00e9solution :<\/strong>\u00a0Quelle doit \u00eatre la pr\u00e9cision de vos mesures de distance ?<\/li>\n<li data-sourcepos=\"31:5-32:0\"><strong>Fr\u00e9quence d'images :<\/strong>\u00a0\u00c0 quelle fr\u00e9quence le LiDAR doit-il prendre des mesures ?<\/li>\n<\/ul>\n<\/li>\n<\/ul>\n<p data-sourcepos=\"33:1-33:16\"><strong>Applications<\/strong><\/p>\n<ul data-sourcepos=\"35:1-42:0\">\n<li data-sourcepos=\"35:1-42:0\"><strong>Quelles sont les applications courantes du LiDAR 2D ?<\/strong>\u00a0<\/li>\n<li data-sourcepos=\"35:1-42:0\">Le LiDAR 2D est utilis\u00e9 dans un large \u00e9ventail d'applications, notamment :\n<ul data-sourcepos=\"37:5-42:0\">\n<li data-sourcepos=\"37:5-37:64\">Robotique : Navigation, \u00e9vitement d'obstacles, d\u00e9tection d'objets<\/li>\n<li data-sourcepos=\"38:5-38:75\">Interaction LiDAR : Comptage de personnes, reconnaissance des gestes, contr\u00f4le des flux<\/li>\n<li data-sourcepos=\"39:5-39:27\">Cartographie et arpentage<\/li>\n<li data-sourcepos=\"40:5-40:27\">Automatisation industrielle<\/li>\n<li data-sourcepos=\"41:5-42:0\">S\u00e9curit\u00e9 et surveillance<\/li>\n<\/ul>\n<\/li>\n<\/ul>\n<p data-sourcepos=\"43:1-43:21\"><strong>SDK et logiciels<\/strong><\/p>\n<ul data-sourcepos=\"45:1-53:0\">\n<li data-sourcepos=\"45:1-50:0\">\n<p data-sourcepos=\"45:3-46:191\"><strong>Que sont les SDK et les logiciels pour LiDAR ?<\/strong><\/p>\n<\/li>\n<li data-sourcepos=\"45:1-50:0\">\n<p data-sourcepos=\"45:3-46:191\">De nombreux fabricants de LiDAR proposent des SDK (Software Development Kits) et des logiciels qui vous permettent d'int\u00e9grer facilement leurs capteurs dans votre projet. Ces outils offrent g\u00e9n\u00e9ralement des fonctions pour :<\/p>\n<ul data-sourcepos=\"47:5-50:0\">\n<li data-sourcepos=\"47:5-47:41\">Communication avec le capteur LiDAR<\/li>\n<li data-sourcepos=\"48:5-48:27\">Traitement des donn\u00e9es LiDAR<\/li>\n<li data-sourcepos=\"49:5-50:0\">Visualisation des donn\u00e9es LiDAR<\/li>\n<\/ul>\n<\/li>\n<li data-sourcepos=\"51:1-53:0\">\n<p data-sourcepos=\"51:3-52:88\"><strong>Proposez-vous des SDK ou des logiciels pour les LiDAR que vous vendez ?<\/strong>\u00a0<\/p>\n<\/li>\n<li data-sourcepos=\"51:1-53:0\">Oui<\/li>\n<\/ul>\n<p data-sourcepos=\"54:1-54:199\">Nous recommandons de v\u00e9rifier la description du produit pour chaque capteur LiDAR afin de voir s'il existe un SDK ou un logiciel associ\u00e9. Dans certains cas, nous pouvons proposer nos propres options ou recommander des options tierces.<\/p>\n<p data-sourcepos=\"56:1-56:22\"><strong>Soutien suppl\u00e9mentaire<\/strong><\/p>\n<ul data-sourcepos=\"58:1-63:0\">\n<li data-sourcepos=\"58:1-60:0\">\n<p data-sourcepos=\"58:3-59:121\"><strong>Proposez-vous une assistance technique pour les LiDAR que vous vendez ?<\/strong><\/p>\n<\/li>\n<li data-sourcepos=\"58:1-60:0\">\n<p data-sourcepos=\"58:3-59:121\">Nous offrons une assistance technique par courrier \u00e9lectronique pour tous nos produits.<\/p>\n<\/li>\n<li data-sourcepos=\"61:1-63:0\">\n<p data-sourcepos=\"61:3-62:173\"><strong>Puis-je retourner un capteur LiDAR si je ne suis pas satisfait ?<\/strong><\/p>\n<\/li>\n<li data-sourcepos=\"61:1-63:0\">\n<p data-sourcepos=\"61:3-62:173\">Oui, vous pouvez retourner un capteur LiDAR dans les 30 jours suivant l'achat pour un remboursement complet, \u00e0 condition qu'il soit dans son \u00e9tat d'origine.<\/p>\n<\/li>\n<\/ul>\n<p data-sourcepos=\"64:1-64:14\"><strong>Nous contacter<\/strong><\/p>\n<p data-sourcepos=\"66:1-66:110\">Si vous avez d'autres questions, n'h\u00e9sitez pas \u00e0 nous contacter : indiquez vos coordonn\u00e9es ici.<\/p>","protected":false},"excerpt":{"rendered":"","protected":false},"author":1,"featured_media":0,"parent":0,"menu_order":0,"comment_status":"closed","ping_status":"closed","template":"","meta":{"footnotes":""},"class_list":["post-85","page","type-page","status-publish","hentry"],"yoast_head":"<!-- This site is optimized with the Yoast SEO Premium plugin v27.1 (Yoast SEO v27.2) - https:\/\/yoast.com\/product\/yoast-seo-premium-wordpress\/ -->\n<title>FAQ - SIMINICS<\/title>\n<meta name=\"robots\" content=\"index, follow, max-snippet:-1, max-image-preview:large, max-video-preview:-1\" \/>\n<link rel=\"canonical\" href=\"https:\/\/www.siminics.hk\/fr\/faq\/\" \/>\n<meta property=\"og:locale\" content=\"fr_FR\" \/>\n<meta property=\"og:type\" content=\"article\" \/>\n<meta property=\"og:title\" content=\"FAQ\" \/>\n<meta property=\"og:url\" content=\"https:\/\/www.siminics.hk\/fr\/faq\/\" \/>\n<meta property=\"og:site_name\" content=\"SIMINICS\" \/>\n<meta property=\"article:publisher\" content=\"https:\/\/facebook.com\/siminics\" \/>\n<meta property=\"article:modified_time\" content=\"2024-04-18T22:41:10+00:00\" \/>\n<meta name=\"twitter:card\" content=\"summary_large_image\" \/>\n<meta name=\"twitter:site\" content=\"@siminics_shop\" \/>\n<meta name=\"twitter:label1\" content=\"Dur\u00e9e de lecture estim\u00e9e\" \/>\n\t<meta name=\"twitter:data1\" content=\"2 minutes\" \/>\n<script type=\"application\/ld+json\" class=\"yoast-schema-graph\">{\"@context\":\"https:\/\/schema.org\",\"@graph\":[{\"@type\":\"WebPage\",\"@id\":\"https:\/\/www.siminics.hk\/faq\/\",\"url\":\"https:\/\/www.siminics.hk\/faq\/\",\"name\":\"FAQ - SIMINICS\",\"isPartOf\":{\"@id\":\"https:\/\/www.siminics.hk\/#website\"},\"datePublished\":\"2013-08-11T20:13:42+00:00\",\"dateModified\":\"2024-04-18T22:41:10+00:00\",\"breadcrumb\":{\"@id\":\"https:\/\/www.siminics.hk\/faq\/#breadcrumb\"},\"inLanguage\":\"fr-FR\",\"potentialAction\":[{\"@type\":\"ReadAction\",\"target\":[\"https:\/\/www.siminics.hk\/faq\/\"]}]},{\"@type\":\"BreadcrumbList\",\"@id\":\"https:\/\/www.siminics.hk\/faq\/#breadcrumb\",\"itemListElement\":[{\"@type\":\"ListItem\",\"position\":1,\"name\":\"Home\",\"item\":\"https:\/\/www.siminics.hk\/\"},{\"@type\":\"ListItem\",\"position\":2,\"name\":\"FAQ\"}]},{\"@type\":\"WebSite\",\"@id\":\"https:\/\/www.siminics.hk\/#website\",\"url\":\"https:\/\/www.siminics.hk\/\",\"name\":\"SIMINICS\",\"description\":\"TOF LiDAR Leader\",\"publisher\":{\"@id\":\"https:\/\/www.siminics.hk\/#organization\"},\"potentialAction\":[{\"@type\":\"SearchAction\",\"target\":{\"@type\":\"EntryPoint\",\"urlTemplate\":\"https:\/\/www.siminics.hk\/?s={search_term_string}\"},\"query-input\":{\"@type\":\"PropertyValueSpecification\",\"valueRequired\":true,\"valueName\":\"search_term_string\"}}],\"inLanguage\":\"fr-FR\"},{\"@type\":\"Organization\",\"@id\":\"https:\/\/www.siminics.hk\/#organization\",\"name\":\"Siminics Limited\",\"url\":\"https:\/\/www.siminics.hk\/\",\"logo\":{\"@type\":\"ImageObject\",\"inLanguage\":\"fr-FR\",\"@id\":\"https:\/\/www.siminics.hk\/#\/schema\/logo\/image\/\",\"url\":\"https:\/\/www.siminics.hk\/wp-content\/uploads\/2024\/04\/cropped-favicon-1.png\",\"contentUrl\":\"https:\/\/www.siminics.hk\/wp-content\/uploads\/2024\/04\/cropped-favicon-1.png\",\"width\":512,\"height\":512,\"caption\":\"Siminics Limited\"},\"image\":{\"@id\":\"https:\/\/www.siminics.hk\/#\/schema\/logo\/image\/\"},\"sameAs\":[\"https:\/\/facebook.com\/siminics\",\"https:\/\/x.com\/siminics_shop\",\"https:\/\/linkedin.com\/company\/siminics\",\"https:\/\/youtube.com\/@siminics\",\"https:\/\/tiktok.com\/@siminics\"],\"hasMerchantReturnPolicy\":{\"@type\":\"MerchantReturnPolicy\",\"merchantReturnLink\":\"https:\/\/www.siminics.hk\/fr\/remboursements\/\"}}]}<\/script>\n<!-- \/ Yoast SEO Premium plugin. -->","yoast_head_json":{"title":"FAQ - SIMINICS","robots":{"index":"index","follow":"follow","max-snippet":"max-snippet:-1","max-image-preview":"max-image-preview:large","max-video-preview":"max-video-preview:-1"},"canonical":"https:\/\/www.siminics.hk\/fr\/faq\/","og_locale":"fr_FR","og_type":"article","og_title":"FAQ","og_url":"https:\/\/www.siminics.hk\/fr\/faq\/","og_site_name":"SIMINICS","article_publisher":"https:\/\/facebook.com\/siminics","article_modified_time":"2024-04-18T22:41:10+00:00","twitter_card":"summary_large_image","twitter_site":"@siminics_shop","twitter_misc":{"Dur\u00e9e de lecture estim\u00e9e":"2 minutes"},"schema":{"@context":"https:\/\/schema.org","@graph":[{"@type":"WebPage","@id":"https:\/\/www.siminics.hk\/faq\/","url":"https:\/\/www.siminics.hk\/faq\/","name":"FAQ - SIMINICS","isPartOf":{"@id":"https:\/\/www.siminics.hk\/#website"},"datePublished":"2013-08-11T20:13:42+00:00","dateModified":"2024-04-18T22:41:10+00:00","breadcrumb":{"@id":"https:\/\/www.siminics.hk\/faq\/#breadcrumb"},"inLanguage":"fr-FR","potentialAction":[{"@type":"ReadAction","target":["https:\/\/www.siminics.hk\/faq\/"]}]},{"@type":"BreadcrumbList","@id":"https:\/\/www.siminics.hk\/faq\/#breadcrumb","itemListElement":[{"@type":"ListItem","position":1,"name":"Home","item":"https:\/\/www.siminics.hk\/"},{"@type":"ListItem","position":2,"name":"FAQ"}]},{"@type":"WebSite","@id":"https:\/\/www.siminics.hk\/#website","url":"https:\/\/www.siminics.hk\/","name":"SIMINIQUE","description":"Leader TOF LiDAR","publisher":{"@id":"https:\/\/www.siminics.hk\/#organization"},"potentialAction":[{"@type":"SearchAction","target":{"@type":"EntryPoint","urlTemplate":"https:\/\/www.siminics.hk\/?s={search_term_string}"},"query-input":{"@type":"PropertyValueSpecification","valueRequired":true,"valueName":"search_term_string"}}],"inLanguage":"fr-FR"},{"@type":"Organization","@id":"https:\/\/www.siminics.hk\/#organization","name":"Siminics Limited","url":"https:\/\/www.siminics.hk\/","logo":{"@type":"ImageObject","inLanguage":"fr-FR","@id":"https:\/\/www.siminics.hk\/#\/schema\/logo\/image\/","url":"https:\/\/www.siminics.hk\/wp-content\/uploads\/2024\/04\/cropped-favicon-1.png","contentUrl":"https:\/\/www.siminics.hk\/wp-content\/uploads\/2024\/04\/cropped-favicon-1.png","width":512,"height":512,"caption":"Siminics Limited"},"image":{"@id":"https:\/\/www.siminics.hk\/#\/schema\/logo\/image\/"},"sameAs":["https:\/\/facebook.com\/siminics","https:\/\/x.com\/siminics_shop","https:\/\/linkedin.com\/company\/siminics","https:\/\/youtube.com\/@siminics","https:\/\/tiktok.com\/@siminics"],"hasMerchantReturnPolicy":{"@type":"MerchantReturnPolicy","merchantReturnLink":"https:\/\/www.siminics.hk\/fr\/remboursements\/"}}]}},"_links":{"self":[{"href":"https:\/\/www.siminics.hk\/fr\/wp-json\/wp\/v2\/pages\/85","targetHints":{"allow":["GET"]}}],"collection":[{"href":"https:\/\/www.siminics.hk\/fr\/wp-json\/wp\/v2\/pages"}],"about":[{"href":"https:\/\/www.siminics.hk\/fr\/wp-json\/wp\/v2\/types\/page"}],"author":[{"embeddable":true,"href":"https:\/\/www.siminics.hk\/fr\/wp-json\/wp\/v2\/users\/1"}],"replies":[{"embeddable":true,"href":"https:\/\/www.siminics.hk\/fr\/wp-json\/wp\/v2\/comments?post=85"}],"version-history":[{"count":4,"href":"https:\/\/www.siminics.hk\/fr\/wp-json\/wp\/v2\/pages\/85\/revisions"}],"predecessor-version":[{"id":525,"href":"https:\/\/www.siminics.hk\/fr\/wp-json\/wp\/v2\/pages\/85\/revisions\/525"}],"wp:attachment":[{"href":"https:\/\/www.siminics.hk\/fr\/wp-json\/wp\/v2\/media?parent=85"}],"curies":[{"name":"wp","href":"https:\/\/api.w.org\/{rel}","templated":true}]}}