{"id":213,"date":"2024-03-28T03:02:13","date_gmt":"2024-03-28T03:02:13","guid":{"rendered":"https:\/\/www.boxflix.net\/?page_id=213"},"modified":"2025-09-26T01:16:10","modified_gmt":"2025-09-26T01:16:10","slug":"rimborso_rimborsi","status":"publish","type":"page","link":"https:\/\/www.siminics.hk\/it\/rimborso_rimborsi\/","title":{"rendered":"Politica di rimborso e restituzione"},"content":{"rendered":"<p><\/p>\n\n\n\n<p><\/p>\n\n\n\n<p>La nostra politica di rimborso e restituzione dura 30 giorni. Se sono trascorsi 30 giorni dall'acquisto, non possiamo offrire un rimborso completo o una sostituzione.<\/p>\n\n\n\n<p>Per poter effettuare un reso, l'articolo deve essere inutilizzato e nelle stesse condizioni in cui \u00e8 stato ricevuto. Deve inoltre essere nella confezione originale.<\/p>\n\n\n\n<p>Diversi tipi di merce non possono essere restituiti. I prodotti deperibili come alimenti, fiori, giornali o riviste non possono essere restituiti. Non accettiamo inoltre prodotti intimi o sanitari, materiali pericolosi, liquidi o gas infiammabili.<\/p>\n\n\n\n<p>Ulteriori articoli non restituibili:<\/p>\n\n\n\n<ul class=\"wp-block-list\">\n<li>Carte regalo<\/li>\n\n\n\n<li>Prodotti software scaricabili<\/li>\n\n\n\n<li>Alcuni articoli per la salute e la cura della persona<\/li>\n<\/ul>\n\n\n\n<p>Per completare il reso, \u00e8 necessaria una ricevuta o una prova d'acquisto.<\/p>\n\n\n\n<p>Non rispedire l'acquisto al produttore.<\/p>\n\n\n\n<p>In alcune situazioni vengono concessi solo rimborsi parziali:<\/p>\n\n\n\n<ul class=\"wp-block-list\">\n<li>Libro con evidenti segni d'uso<\/li>\n\n\n\n<li>CD, DVD, cassette VHS, software, videogiochi, cassette o dischi in vinile che sono stati aperti.<\/li>\n\n\n\n<li>Qualsiasi articolo non in condizioni originali, danneggiato o mancante di parti per motivi non dovuti a un nostro errore.<\/li>\n\n\n\n<li>Qualsiasi articolo restituito dopo pi\u00f9 di 30 giorni dalla consegna.<\/li>\n<\/ul>\n\n\n\n<p><\/p>\n\n\n\n<p>Una volta ricevuto e ispezionato il vostro reso, vi invieremo un'e-mail per notificarvi che abbiamo ricevuto l'articolo restituito. Vi comunicheremo inoltre l'approvazione o il rifiuto del rimborso.<\/p>\n\n\n\n<p>Se il rimborso viene approvato, verr\u00e0 elaborato e un credito verr\u00e0 automaticamente applicato alla carta di credito o al metodo di pagamento originale entro un certo numero di giorni.<\/p>\n\n\n\n<p><b>Rimborsi in ritardo o mancati<\/b><\/p>\n\n\n\n<p>Se non avete ancora ricevuto il rimborso, controllate di nuovo il vostro conto bancario.<\/p>\n\n\n\n<p>Contattate quindi la societ\u00e0 che gestisce la vostra carta di credito: potrebbe volerci un po' di tempo prima che il rimborso venga ufficialmente inviato.<\/p>\n\n\n\n<p>Contattare quindi la propria banca. Spesso ci sono dei tempi di elaborazione prima che il rimborso venga pubblicato.<\/p>\n\n\n\n<p>Se hai fatto tutto questo e non hai ancora ricevuto il rimborso, contattaci all'indirizzo {indirizzo e-mail}.<\/p>\n\n\n\n<p><b>Articoli in vendita<\/b><\/p>\n\n\n\n<p>Possono essere rimborsati solo gli articoli a prezzo normale. Gli articoli in saldo non possono essere rimborsati.<\/p>\n\n\n\n<p><\/p>\n\n\n\n<p>Sostituiamo gli articoli solo se sono difettosi o danneggiati. Se si desidera sostituire lo stesso articolo, inviare un'e-mail a support@sminics.hk e spedire all'indirizzo fornito.<\/p>\n\n\n\n<p><\/p>\n\n\n\n<p>Se l'articolo \u00e8 stato contrassegnato come regalo al momento dell'acquisto e spedito direttamente a voi, riceverete un credito per il valore del vostro reso. Una volta ricevuto l'articolo restituito, vi verr\u00e0 spedito un buono regalo.<\/p>\n\n\n\n<p>Se l'articolo non \u00e8 stato contrassegnato come regalo al momento dell'acquisto, o se chi ha fatto il regalo si \u00e8 fatto spedire l'ordine per consegnarlo in seguito, invieremo un rimborso a chi ha fatto il regalo e verr\u00e0 a conoscenza del vostro reso.<\/p>\n\n\n\n<p><\/p>\n\n\n\n<p>Le spese di spedizione per la restituzione dell'articolo sono a carico del cliente. Le spese di spedizione non sono rimborsabili. Se si riceve un rimborso, le spese di spedizione per la restituzione saranno detratte dal rimborso.<\/p>\n\n\n\n<p>A seconda del luogo di residenza, i tempi di consegna del prodotto scambiato possono variare.<\/p>\n\n\n\n<p>Se si restituiscono articoli pi\u00f9 costosi, si consiglia di utilizzare un servizio di spedizione tracciabile o di acquistare un'assicurazione sulla spedizione. Non garantiamo di ricevere l'articolo restituito.<\/p>\n\n\n\n<p><\/p>\n\n\n\n<p>Contattateci all'indirizzo support@siminics.hk per domande relative a rimborsi e restituzioni.<\/p>","protected":false},"excerpt":{"rendered":"<p>Our refund and returns policy lasts 30 days. If 30 days have passed since your purchase, we can\u2019t offer you a full refund or exchange. To be eligible for a return, your item must be unused and in the same condition that you received it. It must also be in the original packaging. Several types [&#8230;]\n","protected":false},"author":1,"featured_media":0,"parent":0,"menu_order":0,"comment_status":"closed","ping_status":"closed","template":"","meta":{"footnotes":""},"class_list":["post-213","page","type-page","status-publish","hentry"],"yoast_head":"<!-- This site is optimized with the Yoast SEO Premium plugin v27.1 (Yoast SEO v27.4) - https:\/\/yoast.com\/product\/yoast-seo-premium-wordpress\/ -->\n<title>Refund and Returns Policy - SIMINICS<\/title>\n<meta name=\"robots\" content=\"index, follow, max-snippet:-1, max-image-preview:large, max-video-preview:-1\" \/>\n<link rel=\"canonical\" href=\"https:\/\/www.siminics.hk\/it\/rimborso_rimborsi\/\" \/>\n<meta property=\"og:locale\" content=\"it_IT\" \/>\n<meta property=\"og:type\" content=\"article\" \/>\n<meta property=\"og:title\" content=\"Refund and Returns Policy\" \/>\n<meta property=\"og:description\" content=\"Our refund and returns policy lasts 30 days. If 30 days have passed since your purchase, we can\u2019t offer you a full refund or exchange. To be eligible for a return, your item must be unused and in the same condition that you received it. It must also be in the original packaging. Several types [...]\" \/>\n<meta property=\"og:url\" content=\"https:\/\/www.siminics.hk\/it\/rimborso_rimborsi\/\" \/>\n<meta property=\"og:site_name\" content=\"SIMINICS\" \/>\n<meta property=\"article:publisher\" content=\"https:\/\/facebook.com\/siminics\" \/>\n<meta property=\"article:modified_time\" content=\"2025-09-26T01:16:10+00:00\" \/>\n<meta name=\"twitter:card\" content=\"summary_large_image\" \/>\n<meta name=\"twitter:site\" content=\"@siminics_shop\" \/>\n<meta name=\"twitter:label1\" content=\"Tempo di lettura stimato\" \/>\n\t<meta name=\"twitter:data1\" content=\"3 minuti\" \/>\n<script type=\"application\/ld+json\" class=\"yoast-schema-graph\">{\"@context\":\"https:\\\/\\\/schema.org\",\"@graph\":[{\"@type\":\"WebPage\",\"@id\":\"https:\\\/\\\/www.siminics.hk\\\/refund_returns\\\/\",\"url\":\"https:\\\/\\\/www.siminics.hk\\\/refund_returns\\\/\",\"name\":\"Refund and Returns Policy - SIMINICS\",\"isPartOf\":{\"@id\":\"https:\\\/\\\/www.siminics.hk\\\/#website\"},\"datePublished\":\"2024-03-28T03:02:13+00:00\",\"dateModified\":\"2025-09-26T01:16:10+00:00\",\"breadcrumb\":{\"@id\":\"https:\\\/\\\/www.siminics.hk\\\/refund_returns\\\/#breadcrumb\"},\"inLanguage\":\"it-IT\",\"potentialAction\":[{\"@type\":\"ReadAction\",\"target\":[\"https:\\\/\\\/www.siminics.hk\\\/refund_returns\\\/\"]}]},{\"@type\":\"BreadcrumbList\",\"@id\":\"https:\\\/\\\/www.siminics.hk\\\/refund_returns\\\/#breadcrumb\",\"itemListElement\":[{\"@type\":\"ListItem\",\"position\":1,\"name\":\"Home\",\"item\":\"https:\\\/\\\/www.siminics.hk\\\/\"},{\"@type\":\"ListItem\",\"position\":2,\"name\":\"Refund and Returns Policy\"}]},{\"@type\":\"WebSite\",\"@id\":\"https:\\\/\\\/www.siminics.hk\\\/#website\",\"url\":\"https:\\\/\\\/www.siminics.hk\\\/\",\"name\":\"SIMINICS\",\"description\":\"TOF LiDAR Leader\",\"publisher\":{\"@id\":\"https:\\\/\\\/www.siminics.hk\\\/#organization\"},\"potentialAction\":[{\"@type\":\"SearchAction\",\"target\":{\"@type\":\"EntryPoint\",\"urlTemplate\":\"https:\\\/\\\/www.siminics.hk\\\/?s={search_term_string}\"},\"query-input\":{\"@type\":\"PropertyValueSpecification\",\"valueRequired\":true,\"valueName\":\"search_term_string\"}}],\"inLanguage\":\"it-IT\"},{\"@type\":\"Organization\",\"@id\":\"https:\\\/\\\/www.siminics.hk\\\/#organization\",\"name\":\"Siminics Limited\",\"url\":\"https:\\\/\\\/www.siminics.hk\\\/\",\"logo\":{\"@type\":\"ImageObject\",\"inLanguage\":\"it-IT\",\"@id\":\"https:\\\/\\\/www.siminics.hk\\\/#\\\/schema\\\/logo\\\/image\\\/\",\"url\":\"https:\\\/\\\/www.siminics.hk\\\/wp-content\\\/uploads\\\/2024\\\/04\\\/cropped-favicon-1.png\",\"contentUrl\":\"https:\\\/\\\/www.siminics.hk\\\/wp-content\\\/uploads\\\/2024\\\/04\\\/cropped-favicon-1.png\",\"width\":512,\"height\":512,\"caption\":\"Siminics Limited\"},\"image\":{\"@id\":\"https:\\\/\\\/www.siminics.hk\\\/#\\\/schema\\\/logo\\\/image\\\/\"},\"sameAs\":[\"https:\\\/\\\/facebook.com\\\/siminics\",\"https:\\\/\\\/x.com\\\/siminics_shop\",\"https:\\\/\\\/linkedin.com\\\/company\\\/siminics\",\"https:\\\/\\\/youtube.com\\\/@siminics\",\"https:\\\/\\\/tiktok.com\\\/@siminics\"],\"hasMerchantReturnPolicy\":{\"@type\":\"MerchantReturnPolicy\",\"merchantReturnLink\":\"https:\\\/\\\/www.siminics.hk\\\/it\\\/rimborso_rimborsi\\\/\"}}]}<\/script>\n<!-- \/ Yoast SEO Premium plugin. -->","yoast_head_json":{"title":"Politica di rimborso e restituzione - SIMINICS","robots":{"index":"index","follow":"follow","max-snippet":"max-snippet:-1","max-image-preview":"max-image-preview:large","max-video-preview":"max-video-preview:-1"},"canonical":"https:\/\/www.siminics.hk\/it\/rimborso_rimborsi\/","og_locale":"it_IT","og_type":"article","og_title":"Refund and Returns Policy","og_description":"Our refund and returns policy lasts 30 days. If 30 days have passed since your purchase, we can\u2019t offer you a full refund or exchange. To be eligible for a return, your item must be unused and in the same condition that you received it. It must also be in the original packaging. Several types [...]","og_url":"https:\/\/www.siminics.hk\/it\/rimborso_rimborsi\/","og_site_name":"SIMINICS","article_publisher":"https:\/\/facebook.com\/siminics","article_modified_time":"2025-09-26T01:16:10+00:00","twitter_card":"summary_large_image","twitter_site":"@siminics_shop","twitter_misc":{"Tempo di lettura stimato":"3 minuti"},"schema":{"@context":"https:\/\/schema.org","@graph":[{"@type":"WebPage","@id":"https:\/\/www.siminics.hk\/refund_returns\/","url":"https:\/\/www.siminics.hk\/refund_returns\/","name":"Politica di rimborso e restituzione - SIMINICS","isPartOf":{"@id":"https:\/\/www.siminics.hk\/#website"},"datePublished":"2024-03-28T03:02:13+00:00","dateModified":"2025-09-26T01:16:10+00:00","breadcrumb":{"@id":"https:\/\/www.siminics.hk\/refund_returns\/#breadcrumb"},"inLanguage":"it-IT","potentialAction":[{"@type":"ReadAction","target":["https:\/\/www.siminics.hk\/refund_returns\/"]}]},{"@type":"BreadcrumbList","@id":"https:\/\/www.siminics.hk\/refund_returns\/#breadcrumb","itemListElement":[{"@type":"ListItem","position":1,"name":"Home","item":"https:\/\/www.siminics.hk\/"},{"@type":"ListItem","position":2,"name":"Refund and Returns Policy"}]},{"@type":"WebSite","@id":"https:\/\/www.siminics.hk\/#website","url":"https:\/\/www.siminics.hk\/","name":"SIMINICI","description":"Leader TOF LiDAR","publisher":{"@id":"https:\/\/www.siminics.hk\/#organization"},"potentialAction":[{"@type":"SearchAction","target":{"@type":"EntryPoint","urlTemplate":"https:\/\/www.siminics.hk\/?s={search_term_string}"},"query-input":{"@type":"PropertyValueSpecification","valueRequired":true,"valueName":"search_term_string"}}],"inLanguage":"it-IT"},{"@type":"Organization","@id":"https:\/\/www.siminics.hk\/#organization","name":"Siminics Limited","url":"https:\/\/www.siminics.hk\/","logo":{"@type":"ImageObject","inLanguage":"it-IT","@id":"https:\/\/www.siminics.hk\/#\/schema\/logo\/image\/","url":"https:\/\/www.siminics.hk\/wp-content\/uploads\/2024\/04\/cropped-favicon-1.png","contentUrl":"https:\/\/www.siminics.hk\/wp-content\/uploads\/2024\/04\/cropped-favicon-1.png","width":512,"height":512,"caption":"Siminics Limited"},"image":{"@id":"https:\/\/www.siminics.hk\/#\/schema\/logo\/image\/"},"sameAs":["https:\/\/facebook.com\/siminics","https:\/\/x.com\/siminics_shop","https:\/\/linkedin.com\/company\/siminics","https:\/\/youtube.com\/@siminics","https:\/\/tiktok.com\/@siminics"],"hasMerchantReturnPolicy":{"@type":"MerchantReturnPolicy","merchantReturnLink":"https:\/\/www.siminics.hk\/it\/rimborso_rimborsi\/"}}]}},"_links":{"self":[{"href":"https:\/\/www.siminics.hk\/it\/wp-json\/wp\/v2\/pages\/213","targetHints":{"allow":["GET"]}}],"collection":[{"href":"https:\/\/www.siminics.hk\/it\/wp-json\/wp\/v2\/pages"}],"about":[{"href":"https:\/\/www.siminics.hk\/it\/wp-json\/wp\/v2\/types\/page"}],"author":[{"embeddable":true,"href":"https:\/\/www.siminics.hk\/it\/wp-json\/wp\/v2\/users\/1"}],"replies":[{"embeddable":true,"href":"https:\/\/www.siminics.hk\/it\/wp-json\/wp\/v2\/comments?post=213"}],"version-history":[{"count":3,"href":"https:\/\/www.siminics.hk\/it\/wp-json\/wp\/v2\/pages\/213\/revisions"}],"predecessor-version":[{"id":642,"href":"https:\/\/www.siminics.hk\/it\/wp-json\/wp\/v2\/pages\/213\/revisions\/642"}],"wp:attachment":[{"href":"https:\/\/www.siminics.hk\/it\/wp-json\/wp\/v2\/media?parent=213"}],"curies":[{"name":"wp","href":"https:\/\/api.w.org\/{rel}","templated":true}]}}