{"id":90,"date":"2013-08-11T19:06:15","date_gmt":"2013-08-11T19:06:15","guid":{"rendered":"http:\/\/localhost:8888\/test\/?page_id=520"},"modified":"2024-04-18T22:47:09","modified_gmt":"2024-04-18T22:47:09","slug":"sobre","status":"publish","type":"page","link":"https:\/\/www.siminics.hk\/pt\/sobre\/","title":{"rendered":"Sobre"},"content":{"rendered":"<div class=\"banner has-hover has-parallax\" id=\"banner-1700075523\">\n          <div class=\"banner-inner fill\">\n        <div class=\"banner-bg fill\" data-parallax=\"-3\" data-parallax-container=\".banner\" data-parallax-background>\n                                    <div class=\"overlay\"><\/div>            \n                    <\/div>\n\t\t\n        <div class=\"banner-layers container\">\n            <div class=\"fill banner-link\"><\/div>            \n\n   <div id=\"text-box-707538824\" class=\"text-box banner-layer x50 md-x50 lg-x50 y80 md-y80 lg-y80 res-text\">\n                                <div class=\"text-box-content text dark\">\n              \n              <div class=\"text-inner text-center\">\n                  \n\n<h1 class=\"lead\">Sobre n\u00f3s<\/h1>\n<p class=\"lead\">Fornecendo os produtos LiDAR mais competitivos para TODOS<\/p>\n\n              <\/div>\n           <\/div>\n                            \n<style>\n#text-box-707538824 {\n  width: 60%;\n}\n#text-box-707538824 .text-box-content {\n  font-size: 100%;\n}\n<\/style>\n    <\/div>\n \n\n        <\/div>\n      <\/div>\n\n            \n<style>\n#banner-1700075523 {\n  padding-top: 507px;\n}\n#banner-1700075523 .overlay {\n  background-color: rgba(0, 0, 0, 0.49);\n}\n<\/style>\n  <\/div>\n\n\n<div class=\"row\"  id=\"row-1444135366\">\n\n\n\t<div id=\"col-125299137\" class=\"col small-12 large-12\"  >\n\t\t\t\t<div class=\"col-inner\"  >\n\t\t\t\n\t\t\t\n\n<h2 data-sourcepos=\"1:1-1:61\">Quem somos: Dedicado a LiDAR Range Finder<\/h2>\n<p data-sourcepos=\"5:1-5:254\">Na Siminics, dedicamo-nos \u00e0 investiga\u00e7\u00e3o e desenvolvimento de tecnologia e produtos de radar laser. Lan\u00e7\u00e1mos uma variedade de produtos de radar laser TOF (Time-of-Flight) que satisfazem uma vasta gama de clientes na ind\u00fastria da intelig\u00eancia artificial.<\/p>\n<p data-sourcepos=\"7:1-7:287\">Ajudamos os nossos clientes a encontrar o equil\u00edbrio ideal entre produtos de alta qualidade, integra\u00e7\u00e3o de sistemas personalizados e gest\u00e3o eficaz dos custos. Tamb\u00e9m fornecemos um servi\u00e7o profissional e sincero para garantir que a competitividade dos nossos clientes \u00e9 continuamente melhorada de uma forma previs\u00edvel.<\/p>\n<p data-sourcepos=\"9:1-9:224\">Estamos empenhados na inova\u00e7\u00e3o tecnol\u00f3gica e damos prioridade ao sucesso dos nossos clientes. Com a nossa experi\u00eancia e uma carteira de produtos em expans\u00e3o, esperamos colaborar com os nossos clientes para um progresso m\u00fatuo no futuro.<\/p>\n\n\t\t<\/div>\n\t\t\t\t\t<\/div>\n\n\t\n\n<\/div>","protected":false},"excerpt":{"rendered":"","protected":false},"author":1,"featured_media":0,"parent":0,"menu_order":0,"comment_status":"closed","ping_status":"closed","template":"page-transparent-header-light.php","meta":{"footnotes":""},"class_list":["post-90","page","type-page","status-publish","hentry"],"yoast_head":"<!-- This site is optimized with the Yoast SEO Premium plugin v27.1 (Yoast SEO v27.2) - https:\/\/yoast.com\/product\/yoast-seo-premium-wordpress\/ -->\n<title>About - SIMINICS<\/title>\n<meta name=\"robots\" content=\"index, follow, max-snippet:-1, max-image-preview:large, max-video-preview:-1\" \/>\n<link rel=\"canonical\" href=\"https:\/\/www.siminics.hk\/pt\/sobre\/\" \/>\n<meta property=\"og:locale\" content=\"pt_PT\" \/>\n<meta property=\"og:type\" content=\"article\" \/>\n<meta property=\"og:title\" content=\"About\" \/>\n<meta property=\"og:url\" content=\"https:\/\/www.siminics.hk\/pt\/sobre\/\" \/>\n<meta property=\"og:site_name\" content=\"SIMINICS\" \/>\n<meta property=\"article:publisher\" content=\"https:\/\/facebook.com\/siminics\" \/>\n<meta property=\"article:modified_time\" content=\"2024-04-18T22:47:09+00:00\" \/>\n<meta name=\"twitter:card\" content=\"summary_large_image\" \/>\n<meta name=\"twitter:site\" content=\"@siminics_shop\" \/>\n<meta name=\"twitter:label1\" content=\"Tempo estimado de leitura\" \/>\n\t<meta name=\"twitter:data1\" content=\"1 minuto\" \/>\n<script type=\"application\/ld+json\" class=\"yoast-schema-graph\">{\"@context\":\"https:\/\/schema.org\",\"@graph\":[{\"@type\":\"WebPage\",\"@id\":\"https:\/\/www.siminics.hk\/about\/\",\"url\":\"https:\/\/www.siminics.hk\/about\/\",\"name\":\"About - SIMINICS\",\"isPartOf\":{\"@id\":\"https:\/\/www.siminics.hk\/#website\"},\"datePublished\":\"2013-08-11T19:06:15+00:00\",\"dateModified\":\"2024-04-18T22:47:09+00:00\",\"breadcrumb\":{\"@id\":\"https:\/\/www.siminics.hk\/about\/#breadcrumb\"},\"inLanguage\":\"pt-PT\",\"potentialAction\":[{\"@type\":\"ReadAction\",\"target\":[\"https:\/\/www.siminics.hk\/about\/\"]}]},{\"@type\":\"BreadcrumbList\",\"@id\":\"https:\/\/www.siminics.hk\/about\/#breadcrumb\",\"itemListElement\":[{\"@type\":\"ListItem\",\"position\":1,\"name\":\"Home\",\"item\":\"https:\/\/www.siminics.hk\/\"},{\"@type\":\"ListItem\",\"position\":2,\"name\":\"About\"}]},{\"@type\":\"WebSite\",\"@id\":\"https:\/\/www.siminics.hk\/#website\",\"url\":\"https:\/\/www.siminics.hk\/\",\"name\":\"SIMINICS\",\"description\":\"TOF LiDAR Leader\",\"publisher\":{\"@id\":\"https:\/\/www.siminics.hk\/#organization\"},\"potentialAction\":[{\"@type\":\"SearchAction\",\"target\":{\"@type\":\"EntryPoint\",\"urlTemplate\":\"https:\/\/www.siminics.hk\/?s={search_term_string}\"},\"query-input\":{\"@type\":\"PropertyValueSpecification\",\"valueRequired\":true,\"valueName\":\"search_term_string\"}}],\"inLanguage\":\"pt-PT\"},{\"@type\":\"Organization\",\"@id\":\"https:\/\/www.siminics.hk\/#organization\",\"name\":\"Siminics Limited\",\"url\":\"https:\/\/www.siminics.hk\/\",\"logo\":{\"@type\":\"ImageObject\",\"inLanguage\":\"pt-PT\",\"@id\":\"https:\/\/www.siminics.hk\/#\/schema\/logo\/image\/\",\"url\":\"https:\/\/www.siminics.hk\/wp-content\/uploads\/2024\/04\/cropped-favicon-1.png\",\"contentUrl\":\"https:\/\/www.siminics.hk\/wp-content\/uploads\/2024\/04\/cropped-favicon-1.png\",\"width\":512,\"height\":512,\"caption\":\"Siminics Limited\"},\"image\":{\"@id\":\"https:\/\/www.siminics.hk\/#\/schema\/logo\/image\/\"},\"sameAs\":[\"https:\/\/facebook.com\/siminics\",\"https:\/\/x.com\/siminics_shop\",\"https:\/\/linkedin.com\/company\/siminics\",\"https:\/\/youtube.com\/@siminics\",\"https:\/\/tiktok.com\/@siminics\"],\"hasMerchantReturnPolicy\":{\"@type\":\"MerchantReturnPolicy\",\"merchantReturnLink\":\"https:\/\/www.siminics.hk\/pt\/refund_returns\/\"}}]}<\/script>\n<!-- \/ Yoast SEO Premium plugin. -->","yoast_head_json":{"title":"Sobre - SIMINICS","robots":{"index":"index","follow":"follow","max-snippet":"max-snippet:-1","max-image-preview":"max-image-preview:large","max-video-preview":"max-video-preview:-1"},"canonical":"https:\/\/www.siminics.hk\/pt\/sobre\/","og_locale":"pt_PT","og_type":"article","og_title":"About","og_url":"https:\/\/www.siminics.hk\/pt\/sobre\/","og_site_name":"SIMINICS","article_publisher":"https:\/\/facebook.com\/siminics","article_modified_time":"2024-04-18T22:47:09+00:00","twitter_card":"summary_large_image","twitter_site":"@siminics_shop","twitter_misc":{"Tempo estimado de leitura":"1 minuto"},"schema":{"@context":"https:\/\/schema.org","@graph":[{"@type":"WebPage","@id":"https:\/\/www.siminics.hk\/about\/","url":"https:\/\/www.siminics.hk\/about\/","name":"Sobre - SIMINICS","isPartOf":{"@id":"https:\/\/www.siminics.hk\/#website"},"datePublished":"2013-08-11T19:06:15+00:00","dateModified":"2024-04-18T22:47:09+00:00","breadcrumb":{"@id":"https:\/\/www.siminics.hk\/about\/#breadcrumb"},"inLanguage":"pt-PT","potentialAction":[{"@type":"ReadAction","target":["https:\/\/www.siminics.hk\/about\/"]}]},{"@type":"BreadcrumbList","@id":"https:\/\/www.siminics.hk\/about\/#breadcrumb","itemListElement":[{"@type":"ListItem","position":1,"name":"Home","item":"https:\/\/www.siminics.hk\/"},{"@type":"ListItem","position":2,"name":"About"}]},{"@type":"WebSite","@id":"https:\/\/www.siminics.hk\/#website","url":"https:\/\/www.siminics.hk\/","name":"SIM\u00daNICA","description":"L\u00edder LiDAR TOF","publisher":{"@id":"https:\/\/www.siminics.hk\/#organization"},"potentialAction":[{"@type":"SearchAction","target":{"@type":"EntryPoint","urlTemplate":"https:\/\/www.siminics.hk\/?s={search_term_string}"},"query-input":{"@type":"PropertyValueSpecification","valueRequired":true,"valueName":"search_term_string"}}],"inLanguage":"pt-PT"},{"@type":"Organization","@id":"https:\/\/www.siminics.hk\/#organization","name":"Siminics Limited","url":"https:\/\/www.siminics.hk\/","logo":{"@type":"ImageObject","inLanguage":"pt-PT","@id":"https:\/\/www.siminics.hk\/#\/schema\/logo\/image\/","url":"https:\/\/www.siminics.hk\/wp-content\/uploads\/2024\/04\/cropped-favicon-1.png","contentUrl":"https:\/\/www.siminics.hk\/wp-content\/uploads\/2024\/04\/cropped-favicon-1.png","width":512,"height":512,"caption":"Siminics Limited"},"image":{"@id":"https:\/\/www.siminics.hk\/#\/schema\/logo\/image\/"},"sameAs":["https:\/\/facebook.com\/siminics","https:\/\/x.com\/siminics_shop","https:\/\/linkedin.com\/company\/siminics","https:\/\/youtube.com\/@siminics","https:\/\/tiktok.com\/@siminics"],"hasMerchantReturnPolicy":{"@type":"MerchantReturnPolicy","merchantReturnLink":"https:\/\/www.siminics.hk\/pt\/refund_returns\/"}}]}},"_links":{"self":[{"href":"https:\/\/www.siminics.hk\/pt\/wp-json\/wp\/v2\/pages\/90","targetHints":{"allow":["GET"]}}],"collection":[{"href":"https:\/\/www.siminics.hk\/pt\/wp-json\/wp\/v2\/pages"}],"about":[{"href":"https:\/\/www.siminics.hk\/pt\/wp-json\/wp\/v2\/types\/page"}],"author":[{"embeddable":true,"href":"https:\/\/www.siminics.hk\/pt\/wp-json\/wp\/v2\/users\/1"}],"replies":[{"embeddable":true,"href":"https:\/\/www.siminics.hk\/pt\/wp-json\/wp\/v2\/comments?post=90"}],"version-history":[{"count":4,"href":"https:\/\/www.siminics.hk\/pt\/wp-json\/wp\/v2\/pages\/90\/revisions"}],"predecessor-version":[{"id":527,"href":"https:\/\/www.siminics.hk\/pt\/wp-json\/wp\/v2\/pages\/90\/revisions\/527"}],"wp:attachment":[{"href":"https:\/\/www.siminics.hk\/pt\/wp-json\/wp\/v2\/media?parent=90"}],"curies":[{"name":"wp","href":"https:\/\/api.w.org\/{rel}","templated":true}]}}