{"id":548,"date":"2024-04-18T23:06:27","date_gmt":"2024-04-18T23:06:27","guid":{"rendered":"https:\/\/www.siminics.hk\/?post_type=product&#038;p=548"},"modified":"2025-10-12T12:44:04","modified_gmt":"2025-10-12T12:44:04","slug":"siminics-aries-20m-2d-270-tof-obstacle-avoidance-lidar-simo-ls-20dn-dp","status":"publish","type":"product","link":"https:\/\/www.siminics.hk\/pt\/product\/siminics-aries-20m-2d-270-tof-obstacle-avoidance-lidar-simo-ls-20dn-dp\/","title":{"rendered":"LiDAR Siminics Aries 20M 2D 270\u00b0 TOF para preven\u00e7\u00e3o de obst\u00e1culos SIMO-LS-20DN\/DP"},"content":{"rendered":"<p><img loading=\"lazy\" decoding=\"async\" width=\"1080\" height=\"1542\" class=\"aligncenter size-medium wp-image-529\" src=\"https:\/\/www.siminics.hk\/wp-content\/uploads\/2024\/04\/ariesintro.png\" alt=\"\u00c1ries Introdu\u00e7\u00e3o\" srcset=\"https:\/\/www.siminics.hk\/wp-content\/uploads\/2024\/04\/ariesintro.png 1080w, https:\/\/www.siminics.hk\/wp-content\/uploads\/2024\/04\/ariesintro-510x728.png 510w, https:\/\/www.siminics.hk\/wp-content\/uploads\/2024\/04\/ariesintro-280x400.png 280w, https:\/\/www.siminics.hk\/wp-content\/uploads\/2024\/04\/ariesintro-560x800.png 560w, https:\/\/www.siminics.hk\/wp-content\/uploads\/2024\/04\/ariesintro-768x1097.png 768w, https:\/\/www.siminics.hk\/wp-content\/uploads\/2024\/04\/ariesintro-1076x1536.png 1076w\" sizes=\"auto, (max-width: 1080px) 100vw, 1080px\" \/><\/p>\n<p><img loading=\"lazy\" decoding=\"async\" width=\"1080\" height=\"1542\" class=\"aligncenter size-medium wp-image-534\" src=\"https:\/\/www.siminics.hk\/wp-content\/uploads\/2024\/04\/ariesfeature.png\" alt=\"Carater\u00edsticas de \u00c1ries\" srcset=\"https:\/\/www.siminics.hk\/wp-content\/uploads\/2024\/04\/ariesfeature.png 1080w, https:\/\/www.siminics.hk\/wp-content\/uploads\/2024\/04\/ariesfeature-510x728.png 510w, https:\/\/www.siminics.hk\/wp-content\/uploads\/2024\/04\/ariesfeature-280x400.png 280w, https:\/\/www.siminics.hk\/wp-content\/uploads\/2024\/04\/ariesfeature-560x800.png 560w, https:\/\/www.siminics.hk\/wp-content\/uploads\/2024\/04\/ariesfeature-768x1097.png 768w, https:\/\/www.siminics.hk\/wp-content\/uploads\/2024\/04\/ariesfeature-1076x1536.png 1076w\" sizes=\"auto, (max-width: 1080px) 100vw, 1080px\" \/><\/p>\n<p><img loading=\"lazy\" decoding=\"async\" width=\"1080\" height=\"1559\" class=\"aligncenter size-medium wp-image-530\" src=\"https:\/\/www.siminics.hk\/wp-content\/uploads\/2024\/04\/ariespara.png\" alt=\"Par\u00e2metros \u00c1ries\" srcset=\"https:\/\/www.siminics.hk\/wp-content\/uploads\/2024\/04\/ariespara.png 1080w, https:\/\/www.siminics.hk\/wp-content\/uploads\/2024\/04\/ariespara-510x736.png 510w, https:\/\/www.siminics.hk\/wp-content\/uploads\/2024\/04\/ariespara-277x400.png 277w, https:\/\/www.siminics.hk\/wp-content\/uploads\/2024\/04\/ariespara-554x800.png 554w, https:\/\/www.siminics.hk\/wp-content\/uploads\/2024\/04\/ariespara-768x1109.png 768w, https:\/\/www.siminics.hk\/wp-content\/uploads\/2024\/04\/ariespara-1064x1536.png 1064w\" sizes=\"auto, (max-width: 1080px) 100vw, 1080px\" \/><\/p>\n<p><img loading=\"lazy\" decoding=\"async\" width=\"1080\" height=\"1597\" class=\"aligncenter size-medium wp-image-533\" src=\"https:\/\/www.siminics.hk\/wp-content\/uploads\/2024\/04\/ariesdimensions.png\" alt=\"Dimens\u00f5es de \u00c1ries\" srcset=\"https:\/\/www.siminics.hk\/wp-content\/uploads\/2024\/04\/ariesdimensions.png 1080w, https:\/\/www.siminics.hk\/wp-content\/uploads\/2024\/04\/ariesdimensions-510x754.png 510w, https:\/\/www.siminics.hk\/wp-content\/uploads\/2024\/04\/ariesdimensions-271x400.png 271w, https:\/\/www.siminics.hk\/wp-content\/uploads\/2024\/04\/ariesdimensions-541x800.png 541w, https:\/\/www.siminics.hk\/wp-content\/uploads\/2024\/04\/ariesdimensions-768x1136.png 768w, https:\/\/www.siminics.hk\/wp-content\/uploads\/2024\/04\/ariesdimensions-1039x1536.png 1039w\" sizes=\"auto, (max-width: 1080px) 100vw, 1080px\" \/><\/p>\n<p><img loading=\"lazy\" decoding=\"async\" width=\"1080\" height=\"1559\" class=\"aligncenter size-medium wp-image-532\" src=\"https:\/\/www.siminics.hk\/wp-content\/uploads\/2024\/04\/ariesapplications.jpg\" alt=\"Aplica\u00e7\u00f5es Aries\" srcset=\"https:\/\/www.siminics.hk\/wp-content\/uploads\/2024\/04\/ariesapplications.jpg 1080w, https:\/\/www.siminics.hk\/wp-content\/uploads\/2024\/04\/ariesapplications-510x736.jpg 510w, https:\/\/www.siminics.hk\/wp-content\/uploads\/2024\/04\/ariesapplications-277x400.jpg 277w, https:\/\/www.siminics.hk\/wp-content\/uploads\/2024\/04\/ariesapplications-554x800.jpg 554w, https:\/\/www.siminics.hk\/wp-content\/uploads\/2024\/04\/ariesapplications-768x1109.jpg 768w, https:\/\/www.siminics.hk\/wp-content\/uploads\/2024\/04\/ariesapplications-1064x1536.jpg 1064w\" sizes=\"auto, (max-width: 1080px) 100vw, 1080px\" \/><\/p>","protected":false},"excerpt":{"rendered":"<p>Envio gratuito para encomendas superiores a $500.<\/p>","protected":false},"featured_media":537,"comment_status":"open","ping_status":"closed","template":"","meta":[],"product_brand":[41],"product_cat":[36],"product_tag":[33,43],"class_list":{"0":"post-548","1":"product","2":"type-product","3":"status-publish","4":"has-post-thumbnail","6":"product_brand-siminics","7":"product_cat-aries","8":"product_tag-aries","9":"product_tag-interactive","11":"first","12":"instock","13":"sale","14":"shipping-taxable","15":"purchasable","16":"product-type-simple"},"yoast_head":"<!-- This site is optimized with the Yoast SEO Premium plugin v27.1 (Yoast SEO v27.2) - https:\/\/yoast.com\/product\/yoast-seo-premium-wordpress\/ -->\n<title>Siminics Aries 20M 2D 270\u00b0 TOF Obstacle Avoidance LiDAR SIMO-LS-20DN\/DP - SIMINICS<\/title>\n<meta name=\"description\" content=\"Discover the innovative Aries 20M designed for optimal performance. Elevate your experience and explore the possibilities today!\" \/>\n<meta name=\"robots\" content=\"index, follow, max-snippet:-1, max-image-preview:large, max-video-preview:-1\" \/>\n<link rel=\"canonical\" href=\"https:\/\/www.siminics.hk\/pt\/product\/siminics-aries-20m-2d-270-tof-obstacle-avoidance-lidar-simo-ls-20dn-dp\/\" \/>\n<meta property=\"og:locale\" content=\"pt_PT\" \/>\n<meta property=\"og:type\" content=\"article\" \/>\n<meta property=\"og:title\" content=\"Siminics Aries 20M 2D 270\u00b0 TOF Obstacle Avoidance LiDAR SIMO-LS-20DN\/DP\" \/>\n<meta property=\"og:description\" content=\"Discover the innovative Aries 20M designed for optimal performance. Elevate your experience and explore the possibilities today!\" \/>\n<meta property=\"og:url\" content=\"https:\/\/www.siminics.hk\/pt\/product\/siminics-aries-20m-2d-270-tof-obstacle-avoidance-lidar-simo-ls-20dn-dp\/\" \/>\n<meta property=\"og:site_name\" content=\"SIMINICS\" \/>\n<meta property=\"article:publisher\" content=\"https:\/\/facebook.com\/siminics\" \/>\n<meta property=\"article:modified_time\" content=\"2025-10-12T12:44:04+00:00\" \/>\n<meta property=\"og:image\" content=\"https:\/\/www.siminics.hk\/wp-content\/uploads\/2024\/04\/01-full.jpg\" \/>\n\t<meta property=\"og:image:width\" content=\"700\" \/>\n\t<meta property=\"og:image:height\" content=\"467\" \/>\n\t<meta property=\"og:image:type\" content=\"image\/jpeg\" \/>\n<meta name=\"twitter:card\" content=\"summary_large_image\" \/>\n<meta name=\"twitter:site\" content=\"@siminics_shop\" \/>\n<meta name=\"twitter:label1\" content=\"pre\u00e7o\" \/>\n\t<meta name=\"twitter:data1\" content=\"&#036;999.00\" \/>\n\t<meta name=\"twitter:label2\" content=\"Disponibilidade\" \/>\n\t<meta name=\"twitter:data2\" content=\"Em stock\" \/>\n<script type=\"application\/ld+json\" class=\"yoast-schema-graph\">{\"@context\":\"https:\/\/schema.org\",\"@graph\":[{\"@type\":\"WebPage\",\"@id\":\"https:\/\/www.siminics.hk\/product\/siminics-aries-20m-2d-270-tof-obstacle-avoidance-lidar-simo-ls-20dn-dp\/\",\"url\":\"https:\/\/www.siminics.hk\/product\/siminics-aries-20m-2d-270-tof-obstacle-avoidance-lidar-simo-ls-20dn-dp\/\",\"name\":\"Siminics Aries 20M 2D 270\u00b0 TOF Obstacle Avoidance LiDAR SIMO-LS-20DN\/DP - SIMINICS\",\"isPartOf\":{\"@id\":\"https:\/\/www.siminics.hk\/#website\"},\"primaryImageOfPage\":{\"@id\":\"https:\/\/www.siminics.hk\/product\/siminics-aries-20m-2d-270-tof-obstacle-avoidance-lidar-simo-ls-20dn-dp\/#primaryimage\"},\"image\":{\"@id\":\"https:\/\/www.siminics.hk\/product\/siminics-aries-20m-2d-270-tof-obstacle-avoidance-lidar-simo-ls-20dn-dp\/#primaryimage\"},\"thumbnailUrl\":\"https:\/\/www.siminics.hk\/wp-content\/uploads\/2024\/04\/01-full.jpg\",\"datePublished\":\"2024-04-18T23:06:27+00:00\",\"dateModified\":\"2025-10-12T12:44:04+00:00\",\"description\":\"Discover the innovative Aries 20M designed for optimal performance. Elevate your experience and explore the possibilities today!\",\"breadcrumb\":{\"@id\":\"https:\/\/www.siminics.hk\/product\/siminics-aries-20m-2d-270-tof-obstacle-avoidance-lidar-simo-ls-20dn-dp\/#breadcrumb\"},\"inLanguage\":\"pt-PT\",\"potentialAction\":[{\"@type\":\"ReadAction\",\"target\":[\"https:\/\/www.siminics.hk\/product\/siminics-aries-20m-2d-270-tof-obstacle-avoidance-lidar-simo-ls-20dn-dp\/\"]}]},{\"@type\":\"ImageObject\",\"inLanguage\":\"pt-PT\",\"@id\":\"https:\/\/www.siminics.hk\/product\/siminics-aries-20m-2d-270-tof-obstacle-avoidance-lidar-simo-ls-20dn-dp\/#primaryimage\",\"url\":\"https:\/\/www.siminics.hk\/wp-content\/uploads\/2024\/04\/01-full.jpg\",\"contentUrl\":\"https:\/\/www.siminics.hk\/wp-content\/uploads\/2024\/04\/01-full.jpg\",\"width\":700,\"height\":467},{\"@type\":\"BreadcrumbList\",\"@id\":\"https:\/\/www.siminics.hk\/product\/siminics-aries-20m-2d-270-tof-obstacle-avoidance-lidar-simo-ls-20dn-dp\/#breadcrumb\",\"itemListElement\":[{\"@type\":\"ListItem\",\"position\":1,\"name\":\"Home\",\"item\":\"https:\/\/www.siminics.hk\/\"},{\"@type\":\"ListItem\",\"position\":2,\"name\":\"Shop\",\"item\":\"https:\/\/www.siminics.hk\/shop\/\"},{\"@type\":\"ListItem\",\"position\":3,\"name\":\"Siminics Aries 20M 2D 270\u00b0 TOF Obstacle Avoidance LiDAR SIMO-LS-20DN\/DP\"}]},{\"@type\":\"WebSite\",\"@id\":\"https:\/\/www.siminics.hk\/#website\",\"url\":\"https:\/\/www.siminics.hk\/\",\"name\":\"SIMINICS\",\"description\":\"TOF LiDAR Leader\",\"publisher\":{\"@id\":\"https:\/\/www.siminics.hk\/#organization\"},\"potentialAction\":[{\"@type\":\"SearchAction\",\"target\":{\"@type\":\"EntryPoint\",\"urlTemplate\":\"https:\/\/www.siminics.hk\/?s={search_term_string}\"},\"query-input\":{\"@type\":\"PropertyValueSpecification\",\"valueRequired\":true,\"valueName\":\"search_term_string\"}}],\"inLanguage\":\"pt-PT\"},{\"@type\":\"Organization\",\"@id\":\"https:\/\/www.siminics.hk\/#organization\",\"name\":\"Siminics Limited\",\"url\":\"https:\/\/www.siminics.hk\/\",\"logo\":{\"@type\":\"ImageObject\",\"inLanguage\":\"pt-PT\",\"@id\":\"https:\/\/www.siminics.hk\/#\/schema\/logo\/image\/\",\"url\":\"https:\/\/www.siminics.hk\/wp-content\/uploads\/2024\/04\/cropped-favicon-1.png\",\"contentUrl\":\"https:\/\/www.siminics.hk\/wp-content\/uploads\/2024\/04\/cropped-favicon-1.png\",\"width\":512,\"height\":512,\"caption\":\"Siminics Limited\"},\"image\":{\"@id\":\"https:\/\/www.siminics.hk\/#\/schema\/logo\/image\/\"},\"sameAs\":[\"https:\/\/facebook.com\/siminics\",\"https:\/\/x.com\/siminics_shop\",\"https:\/\/linkedin.com\/company\/siminics\",\"https:\/\/youtube.com\/@siminics\",\"https:\/\/tiktok.com\/@siminics\"],\"hasMerchantReturnPolicy\":{\"@type\":\"MerchantReturnPolicy\",\"merchantReturnLink\":\"https:\/\/www.siminics.hk\/pt\/refund_returns\/\"}}]}<\/script>\n<meta property=\"product:brand\" content=\"Siminics\" \/>\n<meta property=\"product:price:amount\" content=\"999.00\" \/>\n<meta property=\"product:price:currency\" content=\"USD\" \/>\n<meta property=\"og:availability\" content=\"instock\" \/>\n<meta property=\"product:availability\" content=\"instock\" \/>\n<meta property=\"product:retailer_item_id\" content=\"SIMO-LS-20DN\/DP\" \/>\n<meta property=\"product:condition\" content=\"new\" \/>\n<!-- \/ Yoast SEO Premium plugin. -->","yoast_head_json":{"title":"Siminics Aries 20M 2D 270\u00b0 TOF Obstacle Avoidance LiDAR SIMO-LS-20DN\/DP - SIMINICS","description":"Descubra o inovador Aries 20M concebido para um desempenho \u00f3timo. Melhore a sua experi\u00eancia e explore as possibilidades hoje mesmo!","robots":{"index":"index","follow":"follow","max-snippet":"max-snippet:-1","max-image-preview":"max-image-preview:large","max-video-preview":"max-video-preview:-1"},"canonical":"https:\/\/www.siminics.hk\/pt\/product\/siminics-aries-20m-2d-270-tof-obstacle-avoidance-lidar-simo-ls-20dn-dp\/","og_locale":"pt_PT","og_type":"article","og_title":"Siminics Aries 20M 2D 270\u00b0 TOF Obstacle Avoidance LiDAR SIMO-LS-20DN\/DP","og_description":"Discover the innovative Aries 20M designed for optimal performance. Elevate your experience and explore the possibilities today!","og_url":"https:\/\/www.siminics.hk\/pt\/product\/siminics-aries-20m-2d-270-tof-obstacle-avoidance-lidar-simo-ls-20dn-dp\/","og_site_name":"SIMINICS","article_publisher":"https:\/\/facebook.com\/siminics","article_modified_time":"2025-10-12T12:44:04+00:00","og_image":[{"width":700,"height":467,"url":"https:\/\/www.siminics.hk\/wp-content\/uploads\/2024\/04\/01-full.jpg","type":"image\/jpeg"}],"twitter_card":"summary_large_image","twitter_site":"@siminics_shop","twitter_misc":{"pre\u00e7o":"&#36;999.00","Disponibilidade":"Em stock"},"schema":{"@context":"https:\/\/schema.org","@graph":[{"@type":"WebPage","@id":"https:\/\/www.siminics.hk\/product\/siminics-aries-20m-2d-270-tof-obstacle-avoidance-lidar-simo-ls-20dn-dp\/","url":"https:\/\/www.siminics.hk\/product\/siminics-aries-20m-2d-270-tof-obstacle-avoidance-lidar-simo-ls-20dn-dp\/","name":"Siminics Aries 20M 2D 270\u00b0 TOF Obstacle Avoidance LiDAR SIMO-LS-20DN\/DP - SIMINICS","isPartOf":{"@id":"https:\/\/www.siminics.hk\/#website"},"primaryImageOfPage":{"@id":"https:\/\/www.siminics.hk\/product\/siminics-aries-20m-2d-270-tof-obstacle-avoidance-lidar-simo-ls-20dn-dp\/#primaryimage"},"image":{"@id":"https:\/\/www.siminics.hk\/product\/siminics-aries-20m-2d-270-tof-obstacle-avoidance-lidar-simo-ls-20dn-dp\/#primaryimage"},"thumbnailUrl":"https:\/\/www.siminics.hk\/wp-content\/uploads\/2024\/04\/01-full.jpg","datePublished":"2024-04-18T23:06:27+00:00","dateModified":"2025-10-12T12:44:04+00:00","description":"Descubra o inovador Aries 20M concebido para um desempenho \u00f3timo. Melhore a sua experi\u00eancia e explore as possibilidades hoje mesmo!","breadcrumb":{"@id":"https:\/\/www.siminics.hk\/product\/siminics-aries-20m-2d-270-tof-obstacle-avoidance-lidar-simo-ls-20dn-dp\/#breadcrumb"},"inLanguage":"pt-PT","potentialAction":[{"@type":"ReadAction","target":["https:\/\/www.siminics.hk\/product\/siminics-aries-20m-2d-270-tof-obstacle-avoidance-lidar-simo-ls-20dn-dp\/"]}]},{"@type":"ImageObject","inLanguage":"pt-PT","@id":"https:\/\/www.siminics.hk\/product\/siminics-aries-20m-2d-270-tof-obstacle-avoidance-lidar-simo-ls-20dn-dp\/#primaryimage","url":"https:\/\/www.siminics.hk\/wp-content\/uploads\/2024\/04\/01-full.jpg","contentUrl":"https:\/\/www.siminics.hk\/wp-content\/uploads\/2024\/04\/01-full.jpg","width":700,"height":467},{"@type":"BreadcrumbList","@id":"https:\/\/www.siminics.hk\/product\/siminics-aries-20m-2d-270-tof-obstacle-avoidance-lidar-simo-ls-20dn-dp\/#breadcrumb","itemListElement":[{"@type":"ListItem","position":1,"name":"Home","item":"https:\/\/www.siminics.hk\/"},{"@type":"ListItem","position":2,"name":"Shop","item":"https:\/\/www.siminics.hk\/shop\/"},{"@type":"ListItem","position":3,"name":"Siminics Aries 20M 2D 270\u00b0 TOF Obstacle Avoidance LiDAR SIMO-LS-20DN\/DP"}]},{"@type":"WebSite","@id":"https:\/\/www.siminics.hk\/#website","url":"https:\/\/www.siminics.hk\/","name":"SIM\u00daNICA","description":"L\u00edder LiDAR TOF","publisher":{"@id":"https:\/\/www.siminics.hk\/#organization"},"potentialAction":[{"@type":"SearchAction","target":{"@type":"EntryPoint","urlTemplate":"https:\/\/www.siminics.hk\/?s={search_term_string}"},"query-input":{"@type":"PropertyValueSpecification","valueRequired":true,"valueName":"search_term_string"}}],"inLanguage":"pt-PT"},{"@type":"Organization","@id":"https:\/\/www.siminics.hk\/#organization","name":"Siminics Limited","url":"https:\/\/www.siminics.hk\/","logo":{"@type":"ImageObject","inLanguage":"pt-PT","@id":"https:\/\/www.siminics.hk\/#\/schema\/logo\/image\/","url":"https:\/\/www.siminics.hk\/wp-content\/uploads\/2024\/04\/cropped-favicon-1.png","contentUrl":"https:\/\/www.siminics.hk\/wp-content\/uploads\/2024\/04\/cropped-favicon-1.png","width":512,"height":512,"caption":"Siminics Limited"},"image":{"@id":"https:\/\/www.siminics.hk\/#\/schema\/logo\/image\/"},"sameAs":["https:\/\/facebook.com\/siminics","https:\/\/x.com\/siminics_shop","https:\/\/linkedin.com\/company\/siminics","https:\/\/youtube.com\/@siminics","https:\/\/tiktok.com\/@siminics"],"hasMerchantReturnPolicy":{"@type":"MerchantReturnPolicy","merchantReturnLink":"https:\/\/www.siminics.hk\/pt\/refund_returns\/"}}]},"product_brand":"Siminics","product_price_amount":"999.00","product_price_currency":"USD","og_availability":"instock","product_availability":"instock","product_retailer_item_id":"SIMO-LS-20DN\/DP","product_condition":"new"},"_links":{"self":[{"href":"https:\/\/www.siminics.hk\/pt\/wp-json\/wp\/v2\/product\/548","targetHints":{"allow":["GET"]}}],"collection":[{"href":"https:\/\/www.siminics.hk\/pt\/wp-json\/wp\/v2\/product"}],"about":[{"href":"https:\/\/www.siminics.hk\/pt\/wp-json\/wp\/v2\/types\/product"}],"replies":[{"embeddable":true,"href":"https:\/\/www.siminics.hk\/pt\/wp-json\/wp\/v2\/comments?post=548"}],"wp:featuredmedia":[{"embeddable":true,"href":"https:\/\/www.siminics.hk\/pt\/wp-json\/wp\/v2\/media\/537"}],"wp:attachment":[{"href":"https:\/\/www.siminics.hk\/pt\/wp-json\/wp\/v2\/media?parent=548"}],"wp:term":[{"taxonomy":"product_brand","embeddable":true,"href":"https:\/\/www.siminics.hk\/pt\/wp-json\/wp\/v2\/product_brand?post=548"},{"taxonomy":"product_cat","embeddable":true,"href":"https:\/\/www.siminics.hk\/pt\/wp-json\/wp\/v2\/product_cat?post=548"},{"taxonomy":"product_tag","embeddable":true,"href":"https:\/\/www.siminics.hk\/pt\/wp-json\/wp\/v2\/product_tag?post=548"}],"curies":[{"name":"wp","href":"https:\/\/api.w.org\/{rel}","templated":true}]}}