{"id":551,"date":"2024-04-18T23:11:51","date_gmt":"2024-04-18T23:11:51","guid":{"rendered":"https:\/\/www.siminics.hk\/?post_type=product&#038;p=551"},"modified":"2025-10-14T09:24:49","modified_gmt":"2025-10-14T09:24:49","slug":"siminics-pavo2-50hp-2d-280-tof-nav-lidar-ip67-pavo2-ls-50hp","status":"publish","type":"product","link":"https:\/\/www.siminics.hk\/pt\/product\/siminics-pavo2-50hp-2d-280-tof-nav-lidar-ip67-pavo2-ls-50hp\/","title":{"rendered":"Siminics PAVO2 50HP 2D 280\u00b0 TOF Nav LiDAR IP67 PAVO2-LS-50HP"},"content":{"rendered":"<p><img loading=\"lazy\" decoding=\"async\" width=\"623\" height=\"833\" class=\"aligncenter size-medium wp-image-554\" src=\"https:\/\/www.siminics.hk\/wp-content\/uploads\/2024\/04\/pavo2intro.png\" alt=\"Introdu\u00e7\u00e3o ao Pavo2\" srcset=\"https:\/\/www.siminics.hk\/wp-content\/uploads\/2024\/04\/pavo2intro.png 623w, https:\/\/www.siminics.hk\/wp-content\/uploads\/2024\/04\/pavo2intro-510x682.png 510w, https:\/\/www.siminics.hk\/wp-content\/uploads\/2024\/04\/pavo2intro-299x400.png 299w, https:\/\/www.siminics.hk\/wp-content\/uploads\/2024\/04\/pavo2intro-598x800.png 598w\" sizes=\"auto, (max-width: 623px) 100vw, 623px\" \/><\/p>\n<p><img loading=\"lazy\" decoding=\"async\" width=\"623\" height=\"807\" class=\"aligncenter size-medium wp-image-555\" src=\"https:\/\/www.siminics.hk\/wp-content\/uploads\/2024\/04\/pavo2para.png\" alt=\"Paro2 Par\u00e2metros\" srcset=\"https:\/\/www.siminics.hk\/wp-content\/uploads\/2024\/04\/pavo2para.png 623w, https:\/\/www.siminics.hk\/wp-content\/uploads\/2024\/04\/pavo2para-510x661.png 510w, https:\/\/www.siminics.hk\/wp-content\/uploads\/2024\/04\/pavo2para-309x400.png 309w, https:\/\/www.siminics.hk\/wp-content\/uploads\/2024\/04\/pavo2para-618x800.png 618w\" sizes=\"auto, (max-width: 623px) 100vw, 623px\" \/><\/p>\n<p><img loading=\"lazy\" decoding=\"async\" width=\"623\" height=\"874\" class=\"aligncenter size-medium wp-image-553\" src=\"https:\/\/www.siminics.hk\/wp-content\/uploads\/2024\/04\/pavo2cloud.png\" alt=\"Nuvem de pontos Pavo2\" srcset=\"https:\/\/www.siminics.hk\/wp-content\/uploads\/2024\/04\/pavo2cloud.png 623w, https:\/\/www.siminics.hk\/wp-content\/uploads\/2024\/04\/pavo2cloud-510x715.png 510w, https:\/\/www.siminics.hk\/wp-content\/uploads\/2024\/04\/pavo2cloud-285x400.png 285w, https:\/\/www.siminics.hk\/wp-content\/uploads\/2024\/04\/pavo2cloud-570x800.png 570w\" sizes=\"auto, (max-width: 623px) 100vw, 623px\" \/><\/p>\n<p><img loading=\"lazy\" decoding=\"async\" width=\"623\" height=\"812\" class=\"aligncenter size-medium wp-image-552\" src=\"https:\/\/www.siminics.hk\/wp-content\/uploads\/2024\/04\/pavo2appli.png\" alt=\"Aplica\u00e7\u00f5es Pavo2\" srcset=\"https:\/\/www.siminics.hk\/wp-content\/uploads\/2024\/04\/pavo2appli.png 623w, https:\/\/www.siminics.hk\/wp-content\/uploads\/2024\/04\/pavo2appli-510x665.png 510w, https:\/\/www.siminics.hk\/wp-content\/uploads\/2024\/04\/pavo2appli-307x400.png 307w, https:\/\/www.siminics.hk\/wp-content\/uploads\/2024\/04\/pavo2appli-614x800.png 614w\" sizes=\"auto, (max-width: 623px) 100vw, 623px\" \/><\/p>","protected":false},"excerpt":{"rendered":"<p>Envio gratuito para encomendas superiores a $1000.<\/p>","protected":false},"featured_media":536,"comment_status":"open","ping_status":"closed","template":"","meta":[],"product_brand":[41],"product_cat":[37],"product_tag":[43,38],"class_list":{"0":"post-551","1":"product","2":"type-product","3":"status-publish","4":"has-post-thumbnail","6":"product_brand-siminics","7":"product_cat-pavo2","8":"product_tag-interactive","9":"product_tag-pavo2","11":"first","12":"instock","13":"sale","14":"featured","15":"shipping-taxable","16":"purchasable","17":"product-type-simple"},"yoast_head":"<!-- This site is optimized with the Yoast SEO Premium plugin v27.1 (Yoast SEO v27.2) - https:\/\/yoast.com\/product\/yoast-seo-premium-wordpress\/ -->\n<title>Siminics PAVO2 50HP 2D 280\u00b0 TOF Nav LiDAR IP67 PAVO2-LS-50HP - SIMINICS<\/title>\n<meta name=\"description\" content=\"Experience the power of the PAVO2 50HP. Elevate your performance and discover unmatched efficiency with this fantastic choice!\" \/>\n<meta name=\"robots\" content=\"index, follow, max-snippet:-1, max-image-preview:large, max-video-preview:-1\" \/>\n<link rel=\"canonical\" href=\"https:\/\/www.siminics.hk\/pt\/product\/siminics-pavo2-50hp-2d-280-tof-nav-lidar-ip67-pavo2-ls-50hp\/\" \/>\n<meta property=\"og:locale\" content=\"pt_PT\" \/>\n<meta property=\"og:type\" content=\"article\" \/>\n<meta property=\"og:title\" content=\"Siminics PAVO2 50HP 2D 280\u00b0 TOF Nav LiDAR IP67 PAVO2-LS-50HP\" \/>\n<meta property=\"og:description\" content=\"Experience the power of the PAVO2 50HP. Elevate your performance and discover unmatched efficiency with this fantastic choice!\" \/>\n<meta property=\"og:url\" content=\"https:\/\/www.siminics.hk\/pt\/product\/siminics-pavo2-50hp-2d-280-tof-nav-lidar-ip67-pavo2-ls-50hp\/\" \/>\n<meta property=\"og:site_name\" content=\"SIMINICS\" \/>\n<meta property=\"article:publisher\" content=\"https:\/\/facebook.com\/siminics\" \/>\n<meta property=\"article:modified_time\" content=\"2025-10-14T09:24:49+00:00\" \/>\n<meta property=\"og:image\" content=\"https:\/\/www.siminics.hk\/wp-content\/uploads\/2024\/04\/03-full.jpg\" \/>\n\t<meta property=\"og:image:width\" content=\"700\" \/>\n\t<meta property=\"og:image:height\" content=\"467\" \/>\n\t<meta property=\"og:image:type\" content=\"image\/jpeg\" \/>\n<meta name=\"twitter:card\" content=\"summary_large_image\" \/>\n<meta name=\"twitter:site\" content=\"@siminics_shop\" \/>\n<meta name=\"twitter:label1\" content=\"pre\u00e7o\" \/>\n\t<meta name=\"twitter:data1\" content=\"&#036;1,599.00\" \/>\n\t<meta name=\"twitter:label2\" content=\"Disponibilidade\" \/>\n\t<meta name=\"twitter:data2\" content=\"Em stock\" \/>\n<script type=\"application\/ld+json\" class=\"yoast-schema-graph\">{\"@context\":\"https:\/\/schema.org\",\"@graph\":[{\"@type\":\"WebPage\",\"@id\":\"https:\/\/www.siminics.hk\/product\/siminics-pavo2-50hp-2d-280-tof-nav-lidar-ip67-pavo2-ls-50hp\/\",\"url\":\"https:\/\/www.siminics.hk\/product\/siminics-pavo2-50hp-2d-280-tof-nav-lidar-ip67-pavo2-ls-50hp\/\",\"name\":\"Siminics PAVO2 50HP 2D 280\u00b0 TOF Nav LiDAR IP67 PAVO2-LS-50HP - SIMINICS\",\"isPartOf\":{\"@id\":\"https:\/\/www.siminics.hk\/#website\"},\"primaryImageOfPage\":{\"@id\":\"https:\/\/www.siminics.hk\/product\/siminics-pavo2-50hp-2d-280-tof-nav-lidar-ip67-pavo2-ls-50hp\/#primaryimage\"},\"image\":{\"@id\":\"https:\/\/www.siminics.hk\/product\/siminics-pavo2-50hp-2d-280-tof-nav-lidar-ip67-pavo2-ls-50hp\/#primaryimage\"},\"thumbnailUrl\":\"https:\/\/www.siminics.hk\/wp-content\/uploads\/2024\/04\/03-full.jpg\",\"datePublished\":\"2024-04-18T23:11:51+00:00\",\"dateModified\":\"2025-10-14T09:24:49+00:00\",\"description\":\"Experience the power of the PAVO2 50HP. Elevate your performance and discover unmatched efficiency with this fantastic choice!\",\"breadcrumb\":{\"@id\":\"https:\/\/www.siminics.hk\/product\/siminics-pavo2-50hp-2d-280-tof-nav-lidar-ip67-pavo2-ls-50hp\/#breadcrumb\"},\"inLanguage\":\"pt-PT\",\"potentialAction\":[{\"@type\":\"ReadAction\",\"target\":[\"https:\/\/www.siminics.hk\/product\/siminics-pavo2-50hp-2d-280-tof-nav-lidar-ip67-pavo2-ls-50hp\/\"]}]},{\"@type\":\"ImageObject\",\"inLanguage\":\"pt-PT\",\"@id\":\"https:\/\/www.siminics.hk\/product\/siminics-pavo2-50hp-2d-280-tof-nav-lidar-ip67-pavo2-ls-50hp\/#primaryimage\",\"url\":\"https:\/\/www.siminics.hk\/wp-content\/uploads\/2024\/04\/03-full.jpg\",\"contentUrl\":\"https:\/\/www.siminics.hk\/wp-content\/uploads\/2024\/04\/03-full.jpg\",\"width\":700,\"height\":467},{\"@type\":\"BreadcrumbList\",\"@id\":\"https:\/\/www.siminics.hk\/product\/siminics-pavo2-50hp-2d-280-tof-nav-lidar-ip67-pavo2-ls-50hp\/#breadcrumb\",\"itemListElement\":[{\"@type\":\"ListItem\",\"position\":1,\"name\":\"Home\",\"item\":\"https:\/\/www.siminics.hk\/\"},{\"@type\":\"ListItem\",\"position\":2,\"name\":\"Shop\",\"item\":\"https:\/\/www.siminics.hk\/shop\/\"},{\"@type\":\"ListItem\",\"position\":3,\"name\":\"Siminics PAVO2 50HP 2D 280\u00b0 TOF Nav LiDAR IP67 PAVO2-LS-50HP\"}]},{\"@type\":\"WebSite\",\"@id\":\"https:\/\/www.siminics.hk\/#website\",\"url\":\"https:\/\/www.siminics.hk\/\",\"name\":\"SIMINICS\",\"description\":\"TOF LiDAR Leader\",\"publisher\":{\"@id\":\"https:\/\/www.siminics.hk\/#organization\"},\"potentialAction\":[{\"@type\":\"SearchAction\",\"target\":{\"@type\":\"EntryPoint\",\"urlTemplate\":\"https:\/\/www.siminics.hk\/?s={search_term_string}\"},\"query-input\":{\"@type\":\"PropertyValueSpecification\",\"valueRequired\":true,\"valueName\":\"search_term_string\"}}],\"inLanguage\":\"pt-PT\"},{\"@type\":\"Organization\",\"@id\":\"https:\/\/www.siminics.hk\/#organization\",\"name\":\"Siminics Limited\",\"url\":\"https:\/\/www.siminics.hk\/\",\"logo\":{\"@type\":\"ImageObject\",\"inLanguage\":\"pt-PT\",\"@id\":\"https:\/\/www.siminics.hk\/#\/schema\/logo\/image\/\",\"url\":\"https:\/\/www.siminics.hk\/wp-content\/uploads\/2024\/04\/cropped-favicon-1.png\",\"contentUrl\":\"https:\/\/www.siminics.hk\/wp-content\/uploads\/2024\/04\/cropped-favicon-1.png\",\"width\":512,\"height\":512,\"caption\":\"Siminics Limited\"},\"image\":{\"@id\":\"https:\/\/www.siminics.hk\/#\/schema\/logo\/image\/\"},\"sameAs\":[\"https:\/\/facebook.com\/siminics\",\"https:\/\/x.com\/siminics_shop\",\"https:\/\/linkedin.com\/company\/siminics\",\"https:\/\/youtube.com\/@siminics\",\"https:\/\/tiktok.com\/@siminics\"],\"hasMerchantReturnPolicy\":{\"@type\":\"MerchantReturnPolicy\",\"merchantReturnLink\":\"https:\/\/www.siminics.hk\/pt\/refund_returns\/\"}}]}<\/script>\n<meta property=\"product:brand\" content=\"Siminics\" \/>\n<meta property=\"product:price:amount\" content=\"1599.00\" \/>\n<meta property=\"product:price:currency\" content=\"USD\" \/>\n<meta property=\"og:availability\" content=\"instock\" \/>\n<meta property=\"product:availability\" content=\"instock\" \/>\n<meta property=\"product:retailer_item_id\" content=\"PAVO2-LS-50HP\" \/>\n<meta property=\"product:condition\" content=\"new\" \/>\n<!-- \/ Yoast SEO Premium plugin. -->","yoast_head_json":{"title":"Siminics PAVO2 50HP 2D 280\u00b0 TOF Nav LiDAR IP67 PAVO2-LS-50HP - SIMINICS","description":"Experimente a pot\u00eancia do PAVO2 50HP. Melhore o seu desempenho e descubra uma efici\u00eancia inigual\u00e1vel com esta fant\u00e1stica escolha!","robots":{"index":"index","follow":"follow","max-snippet":"max-snippet:-1","max-image-preview":"max-image-preview:large","max-video-preview":"max-video-preview:-1"},"canonical":"https:\/\/www.siminics.hk\/pt\/product\/siminics-pavo2-50hp-2d-280-tof-nav-lidar-ip67-pavo2-ls-50hp\/","og_locale":"pt_PT","og_type":"article","og_title":"Siminics PAVO2 50HP 2D 280\u00b0 TOF Nav LiDAR IP67 PAVO2-LS-50HP","og_description":"Experience the power of the PAVO2 50HP. Elevate your performance and discover unmatched efficiency with this fantastic choice!","og_url":"https:\/\/www.siminics.hk\/pt\/product\/siminics-pavo2-50hp-2d-280-tof-nav-lidar-ip67-pavo2-ls-50hp\/","og_site_name":"SIMINICS","article_publisher":"https:\/\/facebook.com\/siminics","article_modified_time":"2025-10-14T09:24:49+00:00","og_image":[{"width":700,"height":467,"url":"https:\/\/www.siminics.hk\/wp-content\/uploads\/2024\/04\/03-full.jpg","type":"image\/jpeg"}],"twitter_card":"summary_large_image","twitter_site":"@siminics_shop","twitter_misc":{"pre\u00e7o":"&#36;1,599.00","Disponibilidade":"Em stock"},"schema":{"@context":"https:\/\/schema.org","@graph":[{"@type":"WebPage","@id":"https:\/\/www.siminics.hk\/product\/siminics-pavo2-50hp-2d-280-tof-nav-lidar-ip67-pavo2-ls-50hp\/","url":"https:\/\/www.siminics.hk\/product\/siminics-pavo2-50hp-2d-280-tof-nav-lidar-ip67-pavo2-ls-50hp\/","name":"Siminics PAVO2 50HP 2D 280\u00b0 TOF Nav LiDAR IP67 PAVO2-LS-50HP - SIMINICS","isPartOf":{"@id":"https:\/\/www.siminics.hk\/#website"},"primaryImageOfPage":{"@id":"https:\/\/www.siminics.hk\/product\/siminics-pavo2-50hp-2d-280-tof-nav-lidar-ip67-pavo2-ls-50hp\/#primaryimage"},"image":{"@id":"https:\/\/www.siminics.hk\/product\/siminics-pavo2-50hp-2d-280-tof-nav-lidar-ip67-pavo2-ls-50hp\/#primaryimage"},"thumbnailUrl":"https:\/\/www.siminics.hk\/wp-content\/uploads\/2024\/04\/03-full.jpg","datePublished":"2024-04-18T23:11:51+00:00","dateModified":"2025-10-14T09:24:49+00:00","description":"Experimente a pot\u00eancia do PAVO2 50HP. Melhore o seu desempenho e descubra uma efici\u00eancia inigual\u00e1vel com esta fant\u00e1stica escolha!","breadcrumb":{"@id":"https:\/\/www.siminics.hk\/product\/siminics-pavo2-50hp-2d-280-tof-nav-lidar-ip67-pavo2-ls-50hp\/#breadcrumb"},"inLanguage":"pt-PT","potentialAction":[{"@type":"ReadAction","target":["https:\/\/www.siminics.hk\/product\/siminics-pavo2-50hp-2d-280-tof-nav-lidar-ip67-pavo2-ls-50hp\/"]}]},{"@type":"ImageObject","inLanguage":"pt-PT","@id":"https:\/\/www.siminics.hk\/product\/siminics-pavo2-50hp-2d-280-tof-nav-lidar-ip67-pavo2-ls-50hp\/#primaryimage","url":"https:\/\/www.siminics.hk\/wp-content\/uploads\/2024\/04\/03-full.jpg","contentUrl":"https:\/\/www.siminics.hk\/wp-content\/uploads\/2024\/04\/03-full.jpg","width":700,"height":467},{"@type":"BreadcrumbList","@id":"https:\/\/www.siminics.hk\/product\/siminics-pavo2-50hp-2d-280-tof-nav-lidar-ip67-pavo2-ls-50hp\/#breadcrumb","itemListElement":[{"@type":"ListItem","position":1,"name":"Home","item":"https:\/\/www.siminics.hk\/"},{"@type":"ListItem","position":2,"name":"Shop","item":"https:\/\/www.siminics.hk\/shop\/"},{"@type":"ListItem","position":3,"name":"Siminics PAVO2 50HP 2D 280\u00b0 TOF Nav LiDAR IP67 PAVO2-LS-50HP"}]},{"@type":"WebSite","@id":"https:\/\/www.siminics.hk\/#website","url":"https:\/\/www.siminics.hk\/","name":"SIM\u00daNICA","description":"L\u00edder LiDAR TOF","publisher":{"@id":"https:\/\/www.siminics.hk\/#organization"},"potentialAction":[{"@type":"SearchAction","target":{"@type":"EntryPoint","urlTemplate":"https:\/\/www.siminics.hk\/?s={search_term_string}"},"query-input":{"@type":"PropertyValueSpecification","valueRequired":true,"valueName":"search_term_string"}}],"inLanguage":"pt-PT"},{"@type":"Organization","@id":"https:\/\/www.siminics.hk\/#organization","name":"Siminics Limited","url":"https:\/\/www.siminics.hk\/","logo":{"@type":"ImageObject","inLanguage":"pt-PT","@id":"https:\/\/www.siminics.hk\/#\/schema\/logo\/image\/","url":"https:\/\/www.siminics.hk\/wp-content\/uploads\/2024\/04\/cropped-favicon-1.png","contentUrl":"https:\/\/www.siminics.hk\/wp-content\/uploads\/2024\/04\/cropped-favicon-1.png","width":512,"height":512,"caption":"Siminics Limited"},"image":{"@id":"https:\/\/www.siminics.hk\/#\/schema\/logo\/image\/"},"sameAs":["https:\/\/facebook.com\/siminics","https:\/\/x.com\/siminics_shop","https:\/\/linkedin.com\/company\/siminics","https:\/\/youtube.com\/@siminics","https:\/\/tiktok.com\/@siminics"],"hasMerchantReturnPolicy":{"@type":"MerchantReturnPolicy","merchantReturnLink":"https:\/\/www.siminics.hk\/pt\/refund_returns\/"}}]},"product_brand":"Siminics","product_price_amount":"1599.00","product_price_currency":"USD","og_availability":"instock","product_availability":"instock","product_retailer_item_id":"PAVO2-LS-50HP","product_condition":"new"},"_links":{"self":[{"href":"https:\/\/www.siminics.hk\/pt\/wp-json\/wp\/v2\/product\/551","targetHints":{"allow":["GET"]}}],"collection":[{"href":"https:\/\/www.siminics.hk\/pt\/wp-json\/wp\/v2\/product"}],"about":[{"href":"https:\/\/www.siminics.hk\/pt\/wp-json\/wp\/v2\/types\/product"}],"replies":[{"embeddable":true,"href":"https:\/\/www.siminics.hk\/pt\/wp-json\/wp\/v2\/comments?post=551"}],"wp:featuredmedia":[{"embeddable":true,"href":"https:\/\/www.siminics.hk\/pt\/wp-json\/wp\/v2\/media\/536"}],"wp:attachment":[{"href":"https:\/\/www.siminics.hk\/pt\/wp-json\/wp\/v2\/media?parent=551"}],"wp:term":[{"taxonomy":"product_brand","embeddable":true,"href":"https:\/\/www.siminics.hk\/pt\/wp-json\/wp\/v2\/product_brand?post=551"},{"taxonomy":"product_cat","embeddable":true,"href":"https:\/\/www.siminics.hk\/pt\/wp-json\/wp\/v2\/product_cat?post=551"},{"taxonomy":"product_tag","embeddable":true,"href":"https:\/\/www.siminics.hk\/pt\/wp-json\/wp\/v2\/product_tag?post=551"}],"curies":[{"name":"wp","href":"https:\/\/api.w.org\/{rel}","templated":true}]}}